{"id":27,"date":"2022-12-19T02:30:10","date_gmt":"2022-12-19T02:30:10","guid":{"rendered":"https:\/\/ausflug1.de\/news\/"},"modified":"2025-05-17T19:48:07","modified_gmt":"2025-05-17T16:48:07","slug":"neuigkeiten-und-blogs","status":"publish","type":"page","link":"https:\/\/ausflug1.de\/en\/neuigkeiten-und-blogs\/","title":{"rendered":"Neuigkeiten und Blogs"},"content":{"rendered":"<div data-elementor-type=\"wp-page\" data-elementor-id=\"27\" class=\"elementor elementor-27\" data-elementor-post-type=\"page\">\n\t\t\t\t<div class=\"elementor-element elementor-element-3fae4f91 e-flex e-con-boxed wpr-particle-no wpr-jarallax-no wpr-parallax-no wpr-sticky-section-no wpr-equal-height-no e-con e-parent\" data-id=\"3fae4f91\" data-element_type=\"container\" data-e-type=\"container\">\n\t\t\t\t\t<div class=\"e-con-inner\">\n\t\t\t\t<div class=\"elementor-element elementor-element-25ab6c7d elementor-widget elementor-widget-text-editor\" data-id=\"25ab6c7d\" data-element_type=\"widget\" data-e-type=\"widget\" data-widget_type=\"text-editor.default\">\n\t\t\t\t<div class=\"elementor-widget-container\">\n\t\t\t\t\t\t\t\t\t<ul class=\"wpaicg-chat-shortcode-messages\"><li class=\"wpaicg-ai-message wpaicg-icon-container\"><p><strong>\u00c4gypten im \u00dcberblick<\/strong><\/p><p><strong>Geographie<\/strong><br \/>\u00c4gypten ist ein gro\u00dfes, viereckiges Land in der nord\u00f6stlichen Ecke Afrikas und erstreckt sich \u00fcber mehr als eine Million Quadratkilometer. \u00dcber 90 % des Landes bestehen jedoch aus W\u00fcste, weshalb sich 99 % der Bev\u00f6lkerung auf nur 3 % der Fl\u00e4che konzentrieren \u2013 das fruchtbare Niltal und das Nildelta. Im Westen grenzt \u00c4gypten an Libyen, im S\u00fcden an den Sudan, im Norden an das Mittelmeer und im Osten an Israel sowie das Rote Meer. Die Sinai-Halbinsel liegt \u00f6stlich des Suez-Kanals. Dieses Gebiet steigt bis zu den Gebirgsmassiven mit dem Katharinenberg (Gebel Katharina), dem h\u00f6chsten Gipfel \u00c4gyptens mit 2.642 Metern, und dem Mosesberg an.<br \/>Entlang der Mittelmeerk\u00fcste gibt es zahlreiche wei\u00dfe Sandstr\u00e4nde, von denen einige zu Touristenresorts entwickelt wurden. Viele Str\u00e4nde sind jedoch noch urt\u00fcmlich und einsam.<\/p><p>N\u00f6rdlich von Kairo teilt sich der Nil in mehrere Flussarme, die ins Mittelmeer m\u00fcnden. Man kann sich \u00c4gypten wie eine Lotusblume vorstellen: Ober\u00e4gypten ist der lange, schmale Stiel, etwa 800 km lang und bis zu 25 km breit. Das fruchtbare Dreieck des Nildeltas bildet die Bl\u00fcte, die sich \u00fcber 200 km bis zum Mittelmeer erstreckt. Das Land westlich und \u00f6stlich dieser Bl\u00fcte bleibt meist unber\u00fccksichtigt.<br \/>Dieser Vergleich macht deutlich: \u201eDer Nil ist \u00c4gypten.\u201c<\/p><p><strong>Klima<\/strong><br \/>F\u00fcr Alexandria, Kairo und die Mittelmeerk\u00fcste gilt das ganze Jahr \u00fcber Reisezeit. In Ober\u00e4gypten ist die beste Reisezeit von Oktober bis April, in den Oasen von Oktober bis Mai.<\/p><p>\u00c4gypten hat teils subtropisches, teils W\u00fcstenklima. Der Norden des Landes und die Mittelmeerk\u00fcste haben ein mediterranes Klima, mit klaren Jahreszeiten und h\u00e4ufigen Niederschl\u00e4gen. Im Sommer ist es dort warm und trocken, aber nicht so hei\u00df wie am Roten Meer.<br \/>Zwischen M\u00e4rz und Mai weht der \u201eChamasin\u201c, ein hei\u00dfer, f\u00f6hnartiger Wind. In den W\u00fcsten kann der \u201eSobaa\u201c, ein Wirbelsturm, den Himmel verdunkeln. Im Sommer steigen die Temperaturen manchmal \u00fcber 40 Grad, doch meist sorgt ein erfrischender Wind f\u00fcr Abk\u00fchlung. Am Roten Meer herrscht das ganze Jahr \u00fcber ein warmes, angenehmes Klima, mit Temperaturen \u00fcber 20 Grad im Winter.<\/p><p>Empfohlen wird leichte, atmungsaktive Sommerkleidung sowie f\u00fcr die Abende eine leichte Jacke. Eine Sonnenbrille und eine Kopfbedeckung sch\u00fctzen vor der Sonne. Bei der Kleidung sollte man beachten, dass \u00c4gypten ein islamisches Land ist: Zu enge, zu kurze oder zu freiz\u00fcgige Kleidung ist unangebracht.<\/p><p>Der S\u00fcden des Landes kennt zwei Jahreszeiten: eine relativ k\u00fchle und eine hei\u00dfe. In den W\u00fcstengebieten schwanken die Temperaturen zwischen Tag und Nacht stark.<\/p><p><strong>Flora<\/strong><br \/>Abgesehen von einigen Oasen beschr\u00e4nkt sich die Vegetation in \u00c4gypten haupts\u00e4chlich auf das fruchtbare Niltal und das Nildelta, die durch den Nilschlamm sehr fruchtbar sind.<\/p><p>Die Dattelpalme ist der h\u00e4ufigste Baum. Es gibt auch andere einheimische Arten wie Akazie, Maulbeerbaum, Tamariske und Johannisbrotbaum. Zudem wurden Arten wie Eukalyptus, Zypresse, Mimose und Obstb\u00e4ume wie Mango eingef\u00fchrt<\/p><\/li><\/ul><div class=\"wpaicg-chat-shortcode-type\">\u00a0<\/div>\t\t\t\t\t\t\t\t<\/div>\n\t\t\t\t<\/div>\n\t\t\t\t\t<\/div>\n\t\t\t\t<\/div>\n\t\t\t\t<\/div>","protected":false},"excerpt":{"rendered":"<p>\u00c4gypten im \u00dcberblick Geographie\u00c4gypten ist ein gro\u00dfes, viereckiges Land in der nord\u00f6stlichen Ecke Afrikas und erstreckt sich \u00fcber mehr als eine Million Quadratkilometer. \u00dcber 90 % des Landes bestehen jedoch aus W\u00fcste, weshalb sich 99 % der Bev\u00f6lkerung auf nur 3 % der Fl\u00e4che konzentrieren \u2013 das fruchtbare Niltal und das Nildelta. Im Westen grenzt \u00c4gypten an Libyen, im S\u00fcden an den Sudan, im Norden an das Mittelmeer und im Osten an Israel sowie das Rote Meer. Die Sinai-Halbinsel liegt \u00f6stlich des Suez-Kanals. Dieses Gebiet steigt bis zu den Gebirgsmassiven mit dem Katharinenberg (Gebel Katharina), dem h\u00f6chsten Gipfel \u00c4gyptens mit 2.642 Metern, und dem Mosesberg an.Entlang der Mittelmeerk\u00fcste gibt es zahlreiche wei\u00dfe Sandstr\u00e4nde, von denen einige zu Touristenresorts entwickelt wurden. Viele Str\u00e4nde sind jedoch noch urt\u00fcmlich und einsam. N\u00f6rdlich von Kairo teilt sich der Nil in mehrere Flussarme, die ins Mittelmeer m\u00fcnden. Man kann sich \u00c4gypten wie eine Lotusblume vorstellen: Ober\u00e4gypten ist der lange, schmale Stiel, etwa 800 km lang und bis zu 25 km breit. Das fruchtbare Dreieck des Nildeltas bildet die Bl\u00fcte, die sich \u00fcber 200 km bis zum Mittelmeer erstreckt. Das Land westlich und \u00f6stlich dieser Bl\u00fcte bleibt meist unber\u00fccksichtigt.Dieser Vergleich macht deutlich: \u201eDer Nil ist \u00c4gypten.\u201c KlimaF\u00fcr Alexandria, Kairo und die Mittelmeerk\u00fcste gilt das ganze Jahr \u00fcber Reisezeit. In Ober\u00e4gypten ist die beste Reisezeit von Oktober bis April, in den Oasen von Oktober bis Mai. \u00c4gypten hat teils subtropisches, teils W\u00fcstenklima. Der Norden des Landes und die Mittelmeerk\u00fcste haben ein mediterranes Klima, mit klaren Jahreszeiten und h\u00e4ufigen Niederschl\u00e4gen. Im Sommer ist es dort warm und trocken, aber nicht so hei\u00df wie am Roten Meer.Zwischen M\u00e4rz und Mai weht der \u201eChamasin\u201c, ein hei\u00dfer, f\u00f6hnartiger Wind. In den W\u00fcsten kann der \u201eSobaa\u201c, ein Wirbelsturm, den Himmel verdunkeln. Im Sommer steigen die Temperaturen manchmal \u00fcber 40 Grad, doch meist sorgt ein erfrischender Wind f\u00fcr Abk\u00fchlung. Am Roten Meer herrscht das ganze Jahr \u00fcber ein warmes, angenehmes Klima, mit Temperaturen \u00fcber 20 Grad im Winter. Empfohlen wird leichte, atmungsaktive Sommerkleidung sowie f\u00fcr die Abende eine leichte Jacke. Eine Sonnenbrille und eine Kopfbedeckung sch\u00fctzen vor der Sonne. Bei der Kleidung sollte man beachten, dass \u00c4gypten ein islamisches Land ist: Zu enge, zu kurze oder zu freiz\u00fcgige Kleidung ist unangebracht. Der S\u00fcden des Landes kennt zwei Jahreszeiten: eine relativ k\u00fchle und eine hei\u00dfe. In den W\u00fcstengebieten schwanken die Temperaturen zwischen Tag und Nacht stark. FloraAbgesehen von einigen Oasen beschr\u00e4nkt sich die Vegetation in \u00c4gypten haupts\u00e4chlich auf das fruchtbare Niltal und das Nildelta, die durch den Nilschlamm sehr fruchtbar sind. Die Dattelpalme ist der h\u00e4ufigste Baum. Es gibt auch andere einheimische Arten wie Akazie, Maulbeerbaum, Tamariske und Johannisbrotbaum. Zudem wurden Arten wie Eukalyptus, Zypresse, Mimose und Obstb\u00e4ume wie Mango eingef\u00fchrt \u00a0<\/p>","protected":false},"author":1,"featured_media":0,"parent":0,"menu_order":0,"comment_status":"closed","ping_status":"closed","template":"","meta":{"_acf_changed":false,"footnotes":""},"class_list":["post-27","page","type-page","status-publish","hentry"],"acf":[],"yoast_head":"<!-- This site is optimized with the Yoast SEO plugin v27.5 - https:\/\/yoast.com\/product\/yoast-seo-wordpress\/ -->\n<title>Neuigkeiten und Blogs - Ausflug1- \u00c4gypten Ausfl\u00fcge<\/title>\n<meta name=\"robots\" content=\"index, follow, max-snippet:-1, max-image-preview:large, max-video-preview:-1\" \/>\n<link rel=\"canonical\" href=\"https:\/\/ausflug1.de\/en\/neuigkeiten-und-blogs\/\" \/>\n<meta property=\"og:locale\" content=\"en_US\" \/>\n<meta property=\"og:type\" content=\"article\" \/>\n<meta property=\"og:title\" content=\"Neuigkeiten und Blogs - Ausflug1- \u00c4gypten Ausfl\u00fcge\" \/>\n<meta property=\"og:description\" content=\"\u00c4gypten im \u00dcberblick Geographie\u00c4gypten ist ein gro\u00dfes, viereckiges Land in der nord\u00f6stlichen Ecke Afrikas und erstreckt sich \u00fcber mehr als eine Million Quadratkilometer. \u00dcber 90 % des Landes bestehen jedoch aus W\u00fcste, weshalb sich 99 % der Bev\u00f6lkerung auf nur 3 % der Fl\u00e4che konzentrieren \u2013 das fruchtbare Niltal und das Nildelta. Im Westen grenzt \u00c4gypten an Libyen, im S\u00fcden an den Sudan, im Norden an das Mittelmeer und im Osten an Israel sowie das Rote Meer. Die Sinai-Halbinsel liegt \u00f6stlich des Suez-Kanals. Dieses Gebiet steigt bis zu den Gebirgsmassiven mit dem Katharinenberg (Gebel Katharina), dem h\u00f6chsten Gipfel \u00c4gyptens mit 2.642 Metern, und dem Mosesberg an.Entlang der Mittelmeerk\u00fcste gibt es zahlreiche wei\u00dfe Sandstr\u00e4nde, von denen einige zu Touristenresorts entwickelt wurden. Viele Str\u00e4nde sind jedoch noch urt\u00fcmlich und einsam. N\u00f6rdlich von Kairo teilt sich der Nil in mehrere Flussarme, die ins Mittelmeer m\u00fcnden. Man kann sich \u00c4gypten wie eine Lotusblume vorstellen: Ober\u00e4gypten ist der lange, schmale Stiel, etwa 800 km lang und bis zu 25 km breit. Das fruchtbare Dreieck des Nildeltas bildet die Bl\u00fcte, die sich \u00fcber 200 km bis zum Mittelmeer erstreckt. Das Land westlich und \u00f6stlich dieser Bl\u00fcte bleibt meist unber\u00fccksichtigt.Dieser Vergleich macht deutlich: \u201eDer Nil ist \u00c4gypten.\u201c KlimaF\u00fcr Alexandria, Kairo und die Mittelmeerk\u00fcste gilt das ganze Jahr \u00fcber Reisezeit. In Ober\u00e4gypten ist die beste Reisezeit von Oktober bis April, in den Oasen von Oktober bis Mai. \u00c4gypten hat teils subtropisches, teils W\u00fcstenklima. Der Norden des Landes und die Mittelmeerk\u00fcste haben ein mediterranes Klima, mit klaren Jahreszeiten und h\u00e4ufigen Niederschl\u00e4gen. Im Sommer ist es dort warm und trocken, aber nicht so hei\u00df wie am Roten Meer.Zwischen M\u00e4rz und Mai weht der \u201eChamasin\u201c, ein hei\u00dfer, f\u00f6hnartiger Wind. In den W\u00fcsten kann der \u201eSobaa\u201c, ein Wirbelsturm, den Himmel verdunkeln. Im Sommer steigen die Temperaturen manchmal \u00fcber 40 Grad, doch meist sorgt ein erfrischender Wind f\u00fcr Abk\u00fchlung. Am Roten Meer herrscht das ganze Jahr \u00fcber ein warmes, angenehmes Klima, mit Temperaturen \u00fcber 20 Grad im Winter. Empfohlen wird leichte, atmungsaktive Sommerkleidung sowie f\u00fcr die Abende eine leichte Jacke. Eine Sonnenbrille und eine Kopfbedeckung sch\u00fctzen vor der Sonne. Bei der Kleidung sollte man beachten, dass \u00c4gypten ein islamisches Land ist: Zu enge, zu kurze oder zu freiz\u00fcgige Kleidung ist unangebracht. Der S\u00fcden des Landes kennt zwei Jahreszeiten: eine relativ k\u00fchle und eine hei\u00dfe. In den W\u00fcstengebieten schwanken die Temperaturen zwischen Tag und Nacht stark. FloraAbgesehen von einigen Oasen beschr\u00e4nkt sich die Vegetation in \u00c4gypten haupts\u00e4chlich auf das fruchtbare Niltal und das Nildelta, die durch den Nilschlamm sehr fruchtbar sind. Die Dattelpalme ist der h\u00e4ufigste Baum. Es gibt auch andere einheimische Arten wie Akazie, Maulbeerbaum, Tamariske und Johannisbrotbaum. Zudem wurden Arten wie Eukalyptus, Zypresse, Mimose und Obstb\u00e4ume wie Mango eingef\u00fchrt \u00a0\" \/>\n<meta property=\"og:url\" content=\"https:\/\/ausflug1.de\/en\/neuigkeiten-und-blogs\/\" \/>\n<meta property=\"og:site_name\" content=\"Ausflug1- \u00c4gypten Ausfl\u00fcge\" \/>\n<meta property=\"article:modified_time\" content=\"2025-05-17T16:48:07+00:00\" \/>\n<meta name=\"twitter:card\" content=\"summary_large_image\" \/>\n<meta name=\"twitter:label1\" content=\"Est. reading time\" \/>\n\t<meta name=\"twitter:data1\" content=\"3 minutes\" \/>\n<script type=\"application\/ld+json\" class=\"yoast-schema-graph\">{\"@context\":\"https:\\\/\\\/schema.org\",\"@graph\":[{\"@type\":\"WebPage\",\"@id\":\"https:\\\/\\\/ausflug1.de\\\/neuigkeiten-und-blogs\\\/\",\"url\":\"https:\\\/\\\/ausflug1.de\\\/neuigkeiten-und-blogs\\\/\",\"name\":\"Neuigkeiten und Blogs - Ausflug1- \u00c4gypten Ausfl\u00fcge\",\"isPartOf\":{\"@id\":\"https:\\\/\\\/ausflug1.de\\\/#website\"},\"datePublished\":\"2022-12-19T02:30:10+00:00\",\"dateModified\":\"2025-05-17T16:48:07+00:00\",\"breadcrumb\":{\"@id\":\"https:\\\/\\\/ausflug1.de\\\/neuigkeiten-und-blogs\\\/#breadcrumb\"},\"inLanguage\":\"en-US\",\"potentialAction\":[{\"@type\":\"ReadAction\",\"target\":[\"https:\\\/\\\/ausflug1.de\\\/neuigkeiten-und-blogs\\\/\"]}]},{\"@type\":\"BreadcrumbList\",\"@id\":\"https:\\\/\\\/ausflug1.de\\\/neuigkeiten-und-blogs\\\/#breadcrumb\",\"itemListElement\":[{\"@type\":\"ListItem\",\"position\":1,\"name\":\"Home\",\"item\":\"https:\\\/\\\/ausflug1.de\\\/\"},{\"@type\":\"ListItem\",\"position\":2,\"name\":\"Neuigkeiten und Blogs\"}]},{\"@type\":\"WebSite\",\"@id\":\"https:\\\/\\\/ausflug1.de\\\/#website\",\"url\":\"https:\\\/\\\/ausflug1.de\\\/\",\"name\":\"Ausflug1- \u00c4gypten Ausfl\u00fcge\",\"description\":\"Premium-Ausfl\u00fcge\",\"publisher\":{\"@id\":\"https:\\\/\\\/ausflug1.de\\\/#organization\"},\"potentialAction\":[{\"@type\":\"SearchAction\",\"target\":{\"@type\":\"EntryPoint\",\"urlTemplate\":\"https:\\\/\\\/ausflug1.de\\\/?s={search_term_string}\"},\"query-input\":{\"@type\":\"PropertyValueSpecification\",\"valueRequired\":true,\"valueName\":\"search_term_string\"}}],\"inLanguage\":\"en-US\"},{\"@type\":\"Organization\",\"@id\":\"https:\\\/\\\/ausflug1.de\\\/#organization\",\"name\":\"Ausflug1- \u00c4gypten Ausfl\u00fcge\",\"url\":\"https:\\\/\\\/ausflug1.de\\\/\",\"logo\":{\"@type\":\"ImageObject\",\"inLanguage\":\"en-US\",\"@id\":\"https:\\\/\\\/ausflug1.de\\\/#\\\/schema\\\/logo\\\/image\\\/\",\"url\":\"https:\\\/\\\/ausflug1.de\\\/wp-content\\\/uploads\\\/2025\\\/03\\\/ICON-WHITE-phonr.png\",\"contentUrl\":\"https:\\\/\\\/ausflug1.de\\\/wp-content\\\/uploads\\\/2025\\\/03\\\/ICON-WHITE-phonr.png\",\"width\":94,\"height\":87,\"caption\":\"Ausflug1- \u00c4gypten Ausfl\u00fcge\"},\"image\":{\"@id\":\"https:\\\/\\\/ausflug1.de\\\/#\\\/schema\\\/logo\\\/image\\\/\"}}]}<\/script>\n<!-- \/ Yoast SEO plugin. -->","yoast_head_json":{"title":"Neuigkeiten und Blogs - Ausflug1- \u00c4gypten Ausfl\u00fcge","robots":{"index":"index","follow":"follow","max-snippet":"max-snippet:-1","max-image-preview":"max-image-preview:large","max-video-preview":"max-video-preview:-1"},"canonical":"https:\/\/ausflug1.de\/en\/neuigkeiten-und-blogs\/","og_locale":"en_US","og_type":"article","og_title":"Neuigkeiten und Blogs - Ausflug1- \u00c4gypten Ausfl\u00fcge","og_description":"\u00c4gypten im \u00dcberblick Geographie\u00c4gypten ist ein gro\u00dfes, viereckiges Land in der nord\u00f6stlichen Ecke Afrikas und erstreckt sich \u00fcber mehr als eine Million Quadratkilometer. \u00dcber 90 % des Landes bestehen jedoch aus W\u00fcste, weshalb sich 99 % der Bev\u00f6lkerung auf nur 3 % der Fl\u00e4che konzentrieren \u2013 das fruchtbare Niltal und das Nildelta. Im Westen grenzt \u00c4gypten an Libyen, im S\u00fcden an den Sudan, im Norden an das Mittelmeer und im Osten an Israel sowie das Rote Meer. Die Sinai-Halbinsel liegt \u00f6stlich des Suez-Kanals. Dieses Gebiet steigt bis zu den Gebirgsmassiven mit dem Katharinenberg (Gebel Katharina), dem h\u00f6chsten Gipfel \u00c4gyptens mit 2.642 Metern, und dem Mosesberg an.Entlang der Mittelmeerk\u00fcste gibt es zahlreiche wei\u00dfe Sandstr\u00e4nde, von denen einige zu Touristenresorts entwickelt wurden. Viele Str\u00e4nde sind jedoch noch urt\u00fcmlich und einsam. N\u00f6rdlich von Kairo teilt sich der Nil in mehrere Flussarme, die ins Mittelmeer m\u00fcnden. Man kann sich \u00c4gypten wie eine Lotusblume vorstellen: Ober\u00e4gypten ist der lange, schmale Stiel, etwa 800 km lang und bis zu 25 km breit. Das fruchtbare Dreieck des Nildeltas bildet die Bl\u00fcte, die sich \u00fcber 200 km bis zum Mittelmeer erstreckt. Das Land westlich und \u00f6stlich dieser Bl\u00fcte bleibt meist unber\u00fccksichtigt.Dieser Vergleich macht deutlich: \u201eDer Nil ist \u00c4gypten.\u201c KlimaF\u00fcr Alexandria, Kairo und die Mittelmeerk\u00fcste gilt das ganze Jahr \u00fcber Reisezeit. In Ober\u00e4gypten ist die beste Reisezeit von Oktober bis April, in den Oasen von Oktober bis Mai. \u00c4gypten hat teils subtropisches, teils W\u00fcstenklima. Der Norden des Landes und die Mittelmeerk\u00fcste haben ein mediterranes Klima, mit klaren Jahreszeiten und h\u00e4ufigen Niederschl\u00e4gen. Im Sommer ist es dort warm und trocken, aber nicht so hei\u00df wie am Roten Meer.Zwischen M\u00e4rz und Mai weht der \u201eChamasin\u201c, ein hei\u00dfer, f\u00f6hnartiger Wind. In den W\u00fcsten kann der \u201eSobaa\u201c, ein Wirbelsturm, den Himmel verdunkeln. Im Sommer steigen die Temperaturen manchmal \u00fcber 40 Grad, doch meist sorgt ein erfrischender Wind f\u00fcr Abk\u00fchlung. Am Roten Meer herrscht das ganze Jahr \u00fcber ein warmes, angenehmes Klima, mit Temperaturen \u00fcber 20 Grad im Winter. Empfohlen wird leichte, atmungsaktive Sommerkleidung sowie f\u00fcr die Abende eine leichte Jacke. Eine Sonnenbrille und eine Kopfbedeckung sch\u00fctzen vor der Sonne. Bei der Kleidung sollte man beachten, dass \u00c4gypten ein islamisches Land ist: Zu enge, zu kurze oder zu freiz\u00fcgige Kleidung ist unangebracht. Der S\u00fcden des Landes kennt zwei Jahreszeiten: eine relativ k\u00fchle und eine hei\u00dfe. In den W\u00fcstengebieten schwanken die Temperaturen zwischen Tag und Nacht stark. FloraAbgesehen von einigen Oasen beschr\u00e4nkt sich die Vegetation in \u00c4gypten haupts\u00e4chlich auf das fruchtbare Niltal und das Nildelta, die durch den Nilschlamm sehr fruchtbar sind. Die Dattelpalme ist der h\u00e4ufigste Baum. Es gibt auch andere einheimische Arten wie Akazie, Maulbeerbaum, Tamariske und Johannisbrotbaum. Zudem wurden Arten wie Eukalyptus, Zypresse, Mimose und Obstb\u00e4ume wie Mango eingef\u00fchrt \u00a0","og_url":"https:\/\/ausflug1.de\/en\/neuigkeiten-und-blogs\/","og_site_name":"Ausflug1- \u00c4gypten Ausfl\u00fcge","article_modified_time":"2025-05-17T16:48:07+00:00","twitter_card":"summary_large_image","twitter_misc":{"Est. reading time":"3 minutes"},"schema":{"@context":"https:\/\/schema.org","@graph":[{"@type":"WebPage","@id":"https:\/\/ausflug1.de\/neuigkeiten-und-blogs\/","url":"https:\/\/ausflug1.de\/neuigkeiten-und-blogs\/","name":"Neuigkeiten und Blogs - Ausflug1- \u00c4gypten Ausfl\u00fcge","isPartOf":{"@id":"https:\/\/ausflug1.de\/#website"},"datePublished":"2022-12-19T02:30:10+00:00","dateModified":"2025-05-17T16:48:07+00:00","breadcrumb":{"@id":"https:\/\/ausflug1.de\/neuigkeiten-und-blogs\/#breadcrumb"},"inLanguage":"en-US","potentialAction":[{"@type":"ReadAction","target":["https:\/\/ausflug1.de\/neuigkeiten-und-blogs\/"]}]},{"@type":"BreadcrumbList","@id":"https:\/\/ausflug1.de\/neuigkeiten-und-blogs\/#breadcrumb","itemListElement":[{"@type":"ListItem","position":1,"name":"Home","item":"https:\/\/ausflug1.de\/"},{"@type":"ListItem","position":2,"name":"Neuigkeiten und Blogs"}]},{"@type":"WebSite","@id":"https:\/\/ausflug1.de\/#website","url":"https:\/\/ausflug1.de\/","name":"Ausflug1- \u00c4gypten Ausfl\u00fcge","description":"Premium-Ausfl\u00fcge","publisher":{"@id":"https:\/\/ausflug1.de\/#organization"},"potentialAction":[{"@type":"SearchAction","target":{"@type":"EntryPoint","urlTemplate":"https:\/\/ausflug1.de\/?s={search_term_string}"},"query-input":{"@type":"PropertyValueSpecification","valueRequired":true,"valueName":"search_term_string"}}],"inLanguage":"en-US"},{"@type":"Organization","@id":"https:\/\/ausflug1.de\/#organization","name":"Ausflug1- \u00c4gypten Ausfl\u00fcge","url":"https:\/\/ausflug1.de\/","logo":{"@type":"ImageObject","inLanguage":"en-US","@id":"https:\/\/ausflug1.de\/#\/schema\/logo\/image\/","url":"https:\/\/ausflug1.de\/wp-content\/uploads\/2025\/03\/ICON-WHITE-phonr.png","contentUrl":"https:\/\/ausflug1.de\/wp-content\/uploads\/2025\/03\/ICON-WHITE-phonr.png","width":94,"height":87,"caption":"Ausflug1- \u00c4gypten Ausfl\u00fcge"},"image":{"@id":"https:\/\/ausflug1.de\/#\/schema\/logo\/image\/"}}]}},"_links":{"self":[{"href":"https:\/\/ausflug1.de\/en\/wp-json\/wp\/v2\/pages\/27","targetHints":{"allow":["GET"]}}],"collection":[{"href":"https:\/\/ausflug1.de\/en\/wp-json\/wp\/v2\/pages"}],"about":[{"href":"https:\/\/ausflug1.de\/en\/wp-json\/wp\/v2\/types\/page"}],"author":[{"embeddable":true,"href":"https:\/\/ausflug1.de\/en\/wp-json\/wp\/v2\/users\/1"}],"replies":[{"embeddable":true,"href":"https:\/\/ausflug1.de\/en\/wp-json\/wp\/v2\/comments?post=27"}],"version-history":[{"count":4,"href":"https:\/\/ausflug1.de\/en\/wp-json\/wp\/v2\/pages\/27\/revisions"}],"predecessor-version":[{"id":3276,"href":"https:\/\/ausflug1.de\/en\/wp-json\/wp\/v2\/pages\/27\/revisions\/3276"}],"wp:attachment":[{"href":"https:\/\/ausflug1.de\/en\/wp-json\/wp\/v2\/media?parent=27"}],"curies":[{"name":"wp","href":"https:\/\/api.w.org\/{rel}","templated":true}]}}