{"id":23,"date":"2022-12-19T02:29:04","date_gmt":"2022-12-19T02:29:04","guid":{"rendered":"https:\/\/ausflug1.de\/about\/"},"modified":"2025-10-13T01:07:31","modified_gmt":"2025-10-12T22:07:31","slug":"ueber-uns","status":"publish","type":"page","link":"https:\/\/ausflug1.de\/en\/ueber-uns\/","title":{"rendered":"About Us"},"content":{"rendered":"<div data-elementor-type=\"wp-page\" data-elementor-id=\"23\" class=\"elementor elementor-23\" data-elementor-post-type=\"page\">\n\t\t\t\t\t\t<section class=\"elementor-section elementor-top-section elementor-element elementor-element-e80c970 elementor-section-boxed elementor-section-height-default elementor-section-height-default wpr-particle-no wpr-jarallax-no wpr-parallax-no wpr-sticky-section-no wpr-column-slider-no wpr-equal-height-no\" data-id=\"e80c970\" data-element_type=\"section\" data-e-type=\"section\">\n\t\t\t\t\t\t<div class=\"elementor-container elementor-column-gap-default\">\n\t\t\t\t\t<div class=\"elementor-column elementor-col-100 elementor-top-column elementor-element elementor-element-b200109\" data-id=\"b200109\" data-element_type=\"column\" data-e-type=\"column\">\n\t\t\t<div class=\"elementor-widget-wrap elementor-element-populated\">\n\t\t\t\t\t\t<div class=\"elementor-element elementor-element-72e4f05 elementor-widget elementor-widget-heading\" data-id=\"72e4f05\" data-element_type=\"widget\" data-e-type=\"widget\" data-widget_type=\"heading.default\">\n\t\t\t\t<div class=\"elementor-widget-container\">\n\t\t\t\t\t<h2 class=\"elementor-heading-title elementor-size-default\">About Us<\/h2>\t\t\t\t<\/div>\n\t\t\t\t<\/div>\n\t\t\t\t\t<\/div>\n\t\t<\/div>\n\t\t\t\t\t<\/div>\n\t\t<\/section>\n\t\t\t\t<section class=\"elementor-section elementor-top-section elementor-element elementor-element-81dcd6a elementor-section-boxed elementor-section-height-default elementor-section-height-default wpr-particle-no wpr-jarallax-no wpr-parallax-no wpr-sticky-section-no wpr-column-slider-no wpr-equal-height-no\" data-id=\"81dcd6a\" data-element_type=\"section\" data-e-type=\"section\">\n\t\t\t\t\t\t<div class=\"elementor-container elementor-column-gap-default\">\n\t\t\t\t\t<div class=\"elementor-column elementor-col-100 elementor-top-column elementor-element elementor-element-a8a9577\" data-id=\"a8a9577\" data-element_type=\"column\" data-e-type=\"column\">\n\t\t\t<div class=\"elementor-widget-wrap elementor-element-populated\">\n\t\t\t\t\t\t<div class=\"elementor-element elementor-element-5eb46a1 elementor-widget elementor-widget-text-editor\" data-id=\"5eb46a1\" data-element_type=\"widget\" data-e-type=\"widget\" data-widget_type=\"text-editor.default\">\n\t\t\t\t<div class=\"elementor-widget-container\">\n\t\t\t\t\t\t\t\t\t<p data-pm-slice=\"1 1 []\">Welcome to <strong>Ausflug1.de<\/strong> Your trusted partner for unforgettable excursions in Egypt!<\/p><p>We are an experienced travel company that specializes in providing you with the most beautiful experiences in Egypt. Whether impressive desert adventures, breathtaking sea excursions or cultural tours to historical sites \u2013 we will make sure that your holiday will be unforgettable.<\/p>\t\t\t\t\t\t\t\t<\/div>\n\t\t\t\t<\/div>\n\t\t\t\t\t<\/div>\n\t\t<\/div>\n\t\t\t\t\t<\/div>\n\t\t<\/section>\n\t\t\t\t<section class=\"elementor-section elementor-top-section elementor-element elementor-element-6b26239 elementor-section-boxed elementor-section-height-default elementor-section-height-default wpr-particle-no wpr-jarallax-no wpr-parallax-no wpr-sticky-section-no wpr-column-slider-no wpr-equal-height-no\" data-id=\"6b26239\" data-element_type=\"section\" data-e-type=\"section\">\n\t\t\t\t\t\t<div class=\"elementor-container elementor-column-gap-default\">\n\t\t\t\t\t<div class=\"elementor-column elementor-col-100 elementor-top-column elementor-element elementor-element-6bb4f59\" data-id=\"6bb4f59\" data-element_type=\"column\" data-e-type=\"column\">\n\t\t\t<div class=\"elementor-widget-wrap elementor-element-populated\">\n\t\t\t\t\t\t<div class=\"elementor-element elementor-element-0fb0a41 elementor-widget elementor-widget-heading\" data-id=\"0fb0a41\" data-element_type=\"widget\" data-e-type=\"widget\" data-widget_type=\"heading.default\">\n\t\t\t\t<div class=\"elementor-widget-container\">\n\t\t\t\t\t<h2 class=\"elementor-heading-title elementor-size-default\">Warum Ausflug1.de?<\/h2>\t\t\t\t<\/div>\n\t\t\t\t<\/div>\n\t\t\t\t<section class=\"elementor-section elementor-inner-section elementor-element elementor-element-4f4270a elementor-section-boxed elementor-section-height-default elementor-section-height-default wpr-particle-no wpr-jarallax-no wpr-parallax-no wpr-sticky-section-no wpr-column-slider-no wpr-equal-height-no\" data-id=\"4f4270a\" data-element_type=\"section\" data-e-type=\"section\">\n\t\t\t\t\t\t<div class=\"elementor-container elementor-column-gap-default\">\n\t\t\t\t\t<div class=\"elementor-column elementor-col-50 elementor-inner-column elementor-element elementor-element-3882b50\" data-id=\"3882b50\" data-element_type=\"column\" data-e-type=\"column\">\n\t\t\t<div class=\"elementor-widget-wrap elementor-element-populated\">\n\t\t\t\t\t\t<div class=\"elementor-element elementor-element-60b4ca9 elementor-widget elementor-widget-image\" data-id=\"60b4ca9\" data-element_type=\"widget\" data-e-type=\"widget\" data-widget_type=\"image.default\">\n\t\t\t\t<div class=\"elementor-widget-container\">\n\t\t\t\t\t\t\t\t\t\t\t\t\t\t\t<img fetchpriority=\"high\" decoding=\"async\" width=\"470\" height=\"436\" src=\"https:\/\/ausflug1.de\/wp-content\/uploads\/2025\/03\/ICON-WHITE.png\" class=\"attachment-full size-full wp-image-2044\" alt=\"\" \/>\t\t\t\t\t\t\t\t\t\t\t\t\t\t\t<\/div>\n\t\t\t\t<\/div>\n\t\t\t\t\t<\/div>\n\t\t<\/div>\n\t\t\t\t<div class=\"elementor-column elementor-col-50 elementor-inner-column elementor-element elementor-element-a5527ec\" data-id=\"a5527ec\" data-element_type=\"column\" data-e-type=\"column\">\n\t\t\t<div class=\"elementor-widget-wrap elementor-element-populated\">\n\t\t\t\t\t\t<div class=\"elementor-element elementor-element-01df0e0 elementor-widget elementor-widget-text-editor\" data-id=\"01df0e0\" data-element_type=\"widget\" data-e-type=\"widget\" data-widget_type=\"text-editor.default\">\n\t\t\t\t<div class=\"elementor-widget-container\">\n\t\t\t\t\t\t\t\t\t<p data-pm-slice=\"1 1 []\"><strong>Experience &amp; Professionalism<\/strong> - Our team consists of local travel experts \nwho will show you the best sights.<\/p><p data-pm-slice=\"1 1 []\"><br \/><strong>Safety &amp; Comfort<\/strong> - All our tours are carried out with modern vehicles, professional guides and the highest safety standards.<br \/><br \/><strong>Best Prices &amp; Top Quality<\/strong> - We offer you first-class experiences at fair prices without hidden costs.<br \/><br \/><strong>Personal service<\/strong> - Your satisfaction is our top priority. We will be happy to advise you and adapt tours individually to your wishes.<\/p>\t\t\t\t\t\t\t\t<\/div>\n\t\t\t\t<\/div>\n\t\t\t\t\t<\/div>\n\t\t<\/div>\n\t\t\t\t\t<\/div>\n\t\t<\/section>\n\t\t\t\t\t<\/div>\n\t\t<\/div>\n\t\t\t\t\t<\/div>\n\t\t<\/section>\n\t\t\t\t<section class=\"elementor-section elementor-top-section elementor-element elementor-element-e0efd38 elementor-section-boxed elementor-section-height-default elementor-section-height-default wpr-particle-no wpr-jarallax-no wpr-parallax-no wpr-sticky-section-no wpr-column-slider-no wpr-equal-height-no\" data-id=\"e0efd38\" data-element_type=\"section\" data-e-type=\"section\">\n\t\t\t\t\t\t<div class=\"elementor-container elementor-column-gap-default\">\n\t\t\t\t\t<div class=\"elementor-column elementor-col-100 elementor-top-column elementor-element elementor-element-a736a3e\" data-id=\"a736a3e\" data-element_type=\"column\" data-e-type=\"column\">\n\t\t\t<div class=\"elementor-widget-wrap elementor-element-populated\">\n\t\t\t\t\t\t<section class=\"elementor-section elementor-inner-section elementor-element elementor-element-108da41 elementor-section-boxed elementor-section-height-default elementor-section-height-default wpr-particle-no wpr-jarallax-no wpr-parallax-no wpr-sticky-section-no wpr-column-slider-no wpr-equal-height-no\" data-id=\"108da41\" data-element_type=\"section\" data-e-type=\"section\" data-settings=\"{&quot;background_background&quot;:&quot;classic&quot;}\">\n\t\t\t\t\t\t<div class=\"elementor-container elementor-column-gap-default\">\n\t\t\t\t\t<div class=\"elementor-column elementor-col-50 elementor-inner-column elementor-element elementor-element-0962e74\" data-id=\"0962e74\" data-element_type=\"column\" data-e-type=\"column\">\n\t\t\t<div class=\"elementor-widget-wrap elementor-element-populated\">\n\t\t\t\t\t\t<div class=\"elementor-element elementor-element-5139360 elementor-widget elementor-widget-text-editor\" data-id=\"5139360\" data-element_type=\"widget\" data-e-type=\"widget\" data-widget_type=\"text-editor.default\">\n\t\t\t\t<div class=\"elementor-widget-container\">\n\t\t\t\t\t\t\t\t\t<p><strong data-start=\"390\" data-end=\"411\">Our Vision:<\/strong><br data-start=\"411\" data-end=\"414\" \/>We strive to be the first choice for excursions in Egypt \u2013 known for quality, trust and customer satisfaction. Our goal is to promote sustainable tourism and to bring the beauty and culture of Egypt in a respectful way to a worldwide audience.<\/p>\t\t\t\t\t\t\t\t<\/div>\n\t\t\t\t<\/div>\n\t\t\t\t\t<\/div>\n\t\t<\/div>\n\t\t\t\t<div class=\"elementor-column elementor-col-50 elementor-inner-column elementor-element elementor-element-78e9ee9\" data-id=\"78e9ee9\" data-element_type=\"column\" data-e-type=\"column\">\n\t\t\t<div class=\"elementor-widget-wrap elementor-element-populated\">\n\t\t\t\t\t\t<div class=\"elementor-element elementor-element-699f7e5 elementor-widget elementor-widget-text-editor\" data-id=\"699f7e5\" data-element_type=\"widget\" data-e-type=\"widget\" data-widget_type=\"text-editor.default\">\n\t\t\t\t<div class=\"elementor-widget-container\">\n\t\t\t\t\t\t\t\t\t<p><strong data-start=\"107\" data-end=\"129\">Our Mission:<\/strong><br data-start=\"129\" data-end=\"132\" \/>At <em data-start=\"136\" data-end=\"149\">Ausflug1.de<\/em> our mission is to provide unique, safe and authentic experiences in Egypt to every traveler. With passion, local expertise and personal service, we design excursions that create memories for life.<\/p>\t\t\t\t\t\t\t\t<\/div>\n\t\t\t\t<\/div>\n\t\t\t\t\t<\/div>\n\t\t<\/div>\n\t\t\t\t\t<\/div>\n\t\t<\/section>\n\t\t\t\t\t<\/div>\n\t\t<\/div>\n\t\t\t\t\t<\/div>\n\t\t<\/section>\n\t\t\t\t<section class=\"elementor-section elementor-top-section elementor-element elementor-element-e4046d3 elementor-section-boxed elementor-section-height-default elementor-section-height-default wpr-particle-no wpr-jarallax-no wpr-parallax-no wpr-sticky-section-no wpr-column-slider-no wpr-equal-height-no\" data-id=\"e4046d3\" data-element_type=\"section\" data-e-type=\"section\">\n\t\t\t\t\t\t<div class=\"elementor-container elementor-column-gap-default\">\n\t\t\t\t\t<div class=\"elementor-column elementor-col-100 elementor-top-column elementor-element elementor-element-fca817b\" data-id=\"fca817b\" data-element_type=\"column\" data-e-type=\"column\">\n\t\t\t<div class=\"elementor-widget-wrap elementor-element-populated\">\n\t\t\t\t\t\t<div class=\"elementor-element elementor-element-750de0d elementor-widget elementor-widget-text-editor\" data-id=\"750de0d\" data-element_type=\"widget\" data-e-type=\"widget\" data-widget_type=\"text-editor.default\">\n\t\t\t\t<div class=\"elementor-widget-container\">\n\t\t\t\t\t\t\t\t\t<p>Our goal is to give travelers unforgettable moments and to present the treasures of Egypt in an authentic and exciting way. We want you not only to visit sights, but to experience the real magic of the country.<\/p>\n<h3><strong>Contact us<\/strong><\/h3>\n<p><img decoding=\"async\" draggable=\"false\" role=\"img\" class=\"emoji\" alt=\"\ud83d\udcde\" src=\"https:\/\/s.w.org\/images\/core\/emoji\/16.0.1\/svg\/1f4de.svg\"> <strong>Phone:<\/strong> +49 160 3828383<br><img decoding=\"async\" draggable=\"false\" role=\"img\" class=\"emoji\" alt=\"\ud83d\udce7\" src=\"https:\/\/s.w.org\/images\/core\/emoji\/16.0.1\/svg\/1f4e7.svg\"> <strong>E-Mail:<\/strong> <a>info@ausflug1.de<\/a><br><img decoding=\"async\" draggable=\"false\" role=\"img\" class=\"emoji\" alt=\"\ud83c\udf0d\" src=\"https:\/\/s.w.org\/images\/core\/emoji\/16.0.1\/svg\/1f30d.svg\"> <strong>Webseite:<\/strong> <a>www.ausflug1.de<\/a><\/p>\n<p>Entdecken Sie mit uns die Wunder \u00c4gyptens \u2013 wir freuen uns auf Sie!<\/p>\t\t\t\t\t\t\t\t<\/div>\n\t\t\t\t<\/div>\n\t\t\t\t\t<\/div>\n\t\t<\/div>\n\t\t\t\t\t<\/div>\n\t\t<\/section>\n\t\t\t\t<\/div>","protected":false},"excerpt":{"rendered":"<p>\u00dcber uns Willkommen bei Ausflug1.de \u2013 Ihrem vertrauensw\u00fcrdigen Partner f\u00fcr unvergessliche Ausfl\u00fcge in \u00c4gypten! Wir sind ein erfahrenes Reiseunternehmen, das sich darauf spezialisiert hat, Ihnen die sch\u00f6nsten Erlebnisse in \u00c4gypten zu bieten. Ob beeindruckende W\u00fcstenabenteuer, atemberaubende Meeresausfl\u00fcge oder kulturelle Touren zu historischen St\u00e4tten \u2013 wir sorgen daf\u00fcr, dass Ihr Urlaub unvergesslich wird. Warum Ausflug1.de? Erfahrung &amp; Professionalit\u00e4t \u2013 Unser Team besteht aus ortskundigen Reiseexperten, die Ihnen die besten Sehensw\u00fcrdigkeiten zeigen. Sicherheit &amp; Komfort \u2013 Alle unsere Touren werden mit modernen Fahrzeugen, professionellen Guides und h\u00f6chsten Sicherheitsstandards durchgef\u00fchrt. Beste Preise &amp; Top-Qualit\u00e4t \u2013 Wir bieten Ihnen erstklassige Erlebnisse zu fairen Preisen ohne versteckte Kosten. Pers\u00f6nlicher Service \u2013 Ihre Zufriedenheit steht f\u00fcr uns an erster Stelle. Wir beraten Sie gerne und passen Touren individuell an Ihre W\u00fcnsche an. Unsere Vision:Wir streben danach, die erste Wahl f\u00fcr Ausfl\u00fcge in \u00c4gypten zu sein \u2013 bekannt f\u00fcr Qualit\u00e4t, Vertrauen und Kundenzufriedenheit. Unser Ziel ist es, nachhaltigen Tourismus zu f\u00f6rdern und die Sch\u00f6nheit und Kultur \u00c4gyptens auf respektvolle Weise einem weltweiten Publikum n\u00e4herzubringen. Unsere Mission:Bei Ausflug1.de ist es unsere Mission, jedem Reisenden einzigartige, sichere und authentische Erlebnisse in \u00c4gypten zu bieten. Mit Leidenschaft, lokaler Expertise und pers\u00f6nlichem Service gestalten wir Ausfl\u00fcge, die Erinnerungen f\u00fcrs Leben schaffen. Unser Ziel ist es, Reisenden unvergessliche Momente zu schenken und die Sch\u00e4tze \u00c4gyptens auf eine authentische und spannende Weise zu pr\u00e4sentieren. Wir m\u00f6chten, dass Sie nicht nur Sehensw\u00fcrdigkeiten besuchen, sondern die wahre Magie des Landes erleben. Kontaktieren Sie uns Telefon: +49 160 3828383 E-Mail: info@ausflug1.de Webseite: www.ausflug1.de Entdecken Sie mit uns die Wunder \u00c4gyptens \u2013 wir freuen uns auf Sie!<\/p>","protected":false},"author":1,"featured_media":0,"parent":0,"menu_order":0,"comment_status":"closed","ping_status":"closed","template":"","meta":{"_acf_changed":false,"footnotes":""},"class_list":["post-23","page","type-page","status-publish","hentry"],"acf":[],"yoast_head":"<!-- This site is optimized with the Yoast SEO plugin v27.5 - https:\/\/yoast.com\/product\/yoast-seo-wordpress\/ -->\n<title>\u00dcber uns - Ausflug1- \u00c4gypten Ausfl\u00fcge<\/title>\n<meta name=\"robots\" content=\"index, follow, max-snippet:-1, max-image-preview:large, max-video-preview:-1\" \/>\n<link rel=\"canonical\" href=\"https:\/\/ausflug1.de\/en\/ueber-uns\/\" \/>\n<meta property=\"og:locale\" content=\"en_US\" \/>\n<meta property=\"og:type\" content=\"article\" \/>\n<meta property=\"og:title\" content=\"\u00dcber uns - Ausflug1- \u00c4gypten Ausfl\u00fcge\" \/>\n<meta property=\"og:description\" content=\"\u00dcber uns Willkommen bei Ausflug1.de \u2013 Ihrem vertrauensw\u00fcrdigen Partner f\u00fcr unvergessliche Ausfl\u00fcge in \u00c4gypten! Wir sind ein erfahrenes Reiseunternehmen, das sich darauf spezialisiert hat, Ihnen die sch\u00f6nsten Erlebnisse in \u00c4gypten zu bieten. Ob beeindruckende W\u00fcstenabenteuer, atemberaubende Meeresausfl\u00fcge oder kulturelle Touren zu historischen St\u00e4tten \u2013 wir sorgen daf\u00fcr, dass Ihr Urlaub unvergesslich wird. Warum Ausflug1.de? Erfahrung &amp; Professionalit\u00e4t \u2013 Unser Team besteht aus ortskundigen Reiseexperten, die Ihnen die besten Sehensw\u00fcrdigkeiten zeigen. Sicherheit &amp; Komfort \u2013 Alle unsere Touren werden mit modernen Fahrzeugen, professionellen Guides und h\u00f6chsten Sicherheitsstandards durchgef\u00fchrt. Beste Preise &amp; Top-Qualit\u00e4t \u2013 Wir bieten Ihnen erstklassige Erlebnisse zu fairen Preisen ohne versteckte Kosten. Pers\u00f6nlicher Service \u2013 Ihre Zufriedenheit steht f\u00fcr uns an erster Stelle. Wir beraten Sie gerne und passen Touren individuell an Ihre W\u00fcnsche an. Unsere Vision:Wir streben danach, die erste Wahl f\u00fcr Ausfl\u00fcge in \u00c4gypten zu sein \u2013 bekannt f\u00fcr Qualit\u00e4t, Vertrauen und Kundenzufriedenheit. Unser Ziel ist es, nachhaltigen Tourismus zu f\u00f6rdern und die Sch\u00f6nheit und Kultur \u00c4gyptens auf respektvolle Weise einem weltweiten Publikum n\u00e4herzubringen. Unsere Mission:Bei Ausflug1.de ist es unsere Mission, jedem Reisenden einzigartige, sichere und authentische Erlebnisse in \u00c4gypten zu bieten. Mit Leidenschaft, lokaler Expertise und pers\u00f6nlichem Service gestalten wir Ausfl\u00fcge, die Erinnerungen f\u00fcrs Leben schaffen. Unser Ziel ist es, Reisenden unvergessliche Momente zu schenken und die Sch\u00e4tze \u00c4gyptens auf eine authentische und spannende Weise zu pr\u00e4sentieren. Wir m\u00f6chten, dass Sie nicht nur Sehensw\u00fcrdigkeiten besuchen, sondern die wahre Magie des Landes erleben. Kontaktieren Sie uns Telefon: +49 160 3828383 E-Mail: info@ausflug1.de Webseite: www.ausflug1.de Entdecken Sie mit uns die Wunder \u00c4gyptens \u2013 wir freuen uns auf Sie!\" \/>\n<meta property=\"og:url\" content=\"https:\/\/ausflug1.de\/en\/ueber-uns\/\" \/>\n<meta property=\"og:site_name\" content=\"Ausflug1- \u00c4gypten Ausfl\u00fcge\" \/>\n<meta property=\"article:modified_time\" content=\"2025-10-12T22:07:31+00:00\" \/>\n<meta property=\"og:image\" content=\"https:\/\/ausflug1.de\/wp-content\/uploads\/2025\/03\/ICON-WHITE.png\" \/>\n\t<meta property=\"og:image:width\" content=\"470\" \/>\n\t<meta property=\"og:image:height\" content=\"436\" \/>\n\t<meta property=\"og:image:type\" content=\"image\/png\" \/>\n<meta name=\"twitter:card\" content=\"summary_large_image\" \/>\n<meta name=\"twitter:label1\" content=\"Est. reading time\" \/>\n\t<meta name=\"twitter:data1\" content=\"3 minutes\" \/>\n<script type=\"application\/ld+json\" class=\"yoast-schema-graph\">{\"@context\":\"https:\\\/\\\/schema.org\",\"@graph\":[{\"@type\":\"WebPage\",\"@id\":\"https:\\\/\\\/ausflug1.de\\\/ueber-uns\\\/\",\"url\":\"https:\\\/\\\/ausflug1.de\\\/ueber-uns\\\/\",\"name\":\"\u00dcber uns - Ausflug1- \u00c4gypten Ausfl\u00fcge\",\"isPartOf\":{\"@id\":\"https:\\\/\\\/ausflug1.de\\\/#website\"},\"primaryImageOfPage\":{\"@id\":\"https:\\\/\\\/ausflug1.de\\\/ueber-uns\\\/#primaryimage\"},\"image\":{\"@id\":\"https:\\\/\\\/ausflug1.de\\\/ueber-uns\\\/#primaryimage\"},\"thumbnailUrl\":\"https:\\\/\\\/ausflug1.de\\\/wp-content\\\/uploads\\\/2025\\\/03\\\/ICON-WHITE.png\",\"datePublished\":\"2022-12-19T02:29:04+00:00\",\"dateModified\":\"2025-10-12T22:07:31+00:00\",\"breadcrumb\":{\"@id\":\"https:\\\/\\\/ausflug1.de\\\/ueber-uns\\\/#breadcrumb\"},\"inLanguage\":\"en-US\",\"potentialAction\":[{\"@type\":\"ReadAction\",\"target\":[\"https:\\\/\\\/ausflug1.de\\\/ueber-uns\\\/\"]}]},{\"@type\":\"ImageObject\",\"inLanguage\":\"en-US\",\"@id\":\"https:\\\/\\\/ausflug1.de\\\/ueber-uns\\\/#primaryimage\",\"url\":\"https:\\\/\\\/ausflug1.de\\\/wp-content\\\/uploads\\\/2025\\\/03\\\/ICON-WHITE.png\",\"contentUrl\":\"https:\\\/\\\/ausflug1.de\\\/wp-content\\\/uploads\\\/2025\\\/03\\\/ICON-WHITE.png\"},{\"@type\":\"BreadcrumbList\",\"@id\":\"https:\\\/\\\/ausflug1.de\\\/ueber-uns\\\/#breadcrumb\",\"itemListElement\":[{\"@type\":\"ListItem\",\"position\":1,\"name\":\"Home\",\"item\":\"https:\\\/\\\/ausflug1.de\\\/\"},{\"@type\":\"ListItem\",\"position\":2,\"name\":\"\u00dcber uns\"}]},{\"@type\":\"WebSite\",\"@id\":\"https:\\\/\\\/ausflug1.de\\\/#website\",\"url\":\"https:\\\/\\\/ausflug1.de\\\/\",\"name\":\"Ausflug1- \u00c4gypten Ausfl\u00fcge\",\"description\":\"Premium-Ausfl\u00fcge\",\"publisher\":{\"@id\":\"https:\\\/\\\/ausflug1.de\\\/#organization\"},\"potentialAction\":[{\"@type\":\"SearchAction\",\"target\":{\"@type\":\"EntryPoint\",\"urlTemplate\":\"https:\\\/\\\/ausflug1.de\\\/?s={search_term_string}\"},\"query-input\":{\"@type\":\"PropertyValueSpecification\",\"valueRequired\":true,\"valueName\":\"search_term_string\"}}],\"inLanguage\":\"en-US\"},{\"@type\":\"Organization\",\"@id\":\"https:\\\/\\\/ausflug1.de\\\/#organization\",\"name\":\"Ausflug1- \u00c4gypten Ausfl\u00fcge\",\"url\":\"https:\\\/\\\/ausflug1.de\\\/\",\"logo\":{\"@type\":\"ImageObject\",\"inLanguage\":\"en-US\",\"@id\":\"https:\\\/\\\/ausflug1.de\\\/#\\\/schema\\\/logo\\\/image\\\/\",\"url\":\"https:\\\/\\\/ausflug1.de\\\/wp-content\\\/uploads\\\/2025\\\/03\\\/ICON-WHITE-phonr.png\",\"contentUrl\":\"https:\\\/\\\/ausflug1.de\\\/wp-content\\\/uploads\\\/2025\\\/03\\\/ICON-WHITE-phonr.png\",\"width\":94,\"height\":87,\"caption\":\"Ausflug1- \u00c4gypten Ausfl\u00fcge\"},\"image\":{\"@id\":\"https:\\\/\\\/ausflug1.de\\\/#\\\/schema\\\/logo\\\/image\\\/\"}}]}<\/script>\n<!-- \/ Yoast SEO plugin. -->","yoast_head_json":{"title":"\u00dcber uns - Ausflug1- \u00c4gypten Ausfl\u00fcge","robots":{"index":"index","follow":"follow","max-snippet":"max-snippet:-1","max-image-preview":"max-image-preview:large","max-video-preview":"max-video-preview:-1"},"canonical":"https:\/\/ausflug1.de\/en\/ueber-uns\/","og_locale":"en_US","og_type":"article","og_title":"\u00dcber uns - Ausflug1- \u00c4gypten Ausfl\u00fcge","og_description":"\u00dcber uns Willkommen bei Ausflug1.de \u2013 Ihrem vertrauensw\u00fcrdigen Partner f\u00fcr unvergessliche Ausfl\u00fcge in \u00c4gypten! Wir sind ein erfahrenes Reiseunternehmen, das sich darauf spezialisiert hat, Ihnen die sch\u00f6nsten Erlebnisse in \u00c4gypten zu bieten. Ob beeindruckende W\u00fcstenabenteuer, atemberaubende Meeresausfl\u00fcge oder kulturelle Touren zu historischen St\u00e4tten \u2013 wir sorgen daf\u00fcr, dass Ihr Urlaub unvergesslich wird. Warum Ausflug1.de? Erfahrung &amp; Professionalit\u00e4t \u2013 Unser Team besteht aus ortskundigen Reiseexperten, die Ihnen die besten Sehensw\u00fcrdigkeiten zeigen. Sicherheit &amp; Komfort \u2013 Alle unsere Touren werden mit modernen Fahrzeugen, professionellen Guides und h\u00f6chsten Sicherheitsstandards durchgef\u00fchrt. Beste Preise &amp; Top-Qualit\u00e4t \u2013 Wir bieten Ihnen erstklassige Erlebnisse zu fairen Preisen ohne versteckte Kosten. Pers\u00f6nlicher Service \u2013 Ihre Zufriedenheit steht f\u00fcr uns an erster Stelle. Wir beraten Sie gerne und passen Touren individuell an Ihre W\u00fcnsche an. Unsere Vision:Wir streben danach, die erste Wahl f\u00fcr Ausfl\u00fcge in \u00c4gypten zu sein \u2013 bekannt f\u00fcr Qualit\u00e4t, Vertrauen und Kundenzufriedenheit. Unser Ziel ist es, nachhaltigen Tourismus zu f\u00f6rdern und die Sch\u00f6nheit und Kultur \u00c4gyptens auf respektvolle Weise einem weltweiten Publikum n\u00e4herzubringen. Unsere Mission:Bei Ausflug1.de ist es unsere Mission, jedem Reisenden einzigartige, sichere und authentische Erlebnisse in \u00c4gypten zu bieten. Mit Leidenschaft, lokaler Expertise und pers\u00f6nlichem Service gestalten wir Ausfl\u00fcge, die Erinnerungen f\u00fcrs Leben schaffen. Unser Ziel ist es, Reisenden unvergessliche Momente zu schenken und die Sch\u00e4tze \u00c4gyptens auf eine authentische und spannende Weise zu pr\u00e4sentieren. Wir m\u00f6chten, dass Sie nicht nur Sehensw\u00fcrdigkeiten besuchen, sondern die wahre Magie des Landes erleben. Kontaktieren Sie uns Telefon: +49 160 3828383 E-Mail: info@ausflug1.de Webseite: www.ausflug1.de Entdecken Sie mit uns die Wunder \u00c4gyptens \u2013 wir freuen uns auf Sie!","og_url":"https:\/\/ausflug1.de\/en\/ueber-uns\/","og_site_name":"Ausflug1- \u00c4gypten Ausfl\u00fcge","article_modified_time":"2025-10-12T22:07:31+00:00","og_image":[{"width":470,"height":436,"url":"https:\/\/ausflug1.de\/wp-content\/uploads\/2025\/03\/ICON-WHITE.png","type":"image\/png"}],"twitter_card":"summary_large_image","twitter_misc":{"Est. reading time":"3 minutes"},"schema":{"@context":"https:\/\/schema.org","@graph":[{"@type":"WebPage","@id":"https:\/\/ausflug1.de\/ueber-uns\/","url":"https:\/\/ausflug1.de\/ueber-uns\/","name":"\u00dcber uns - Ausflug1- \u00c4gypten Ausfl\u00fcge","isPartOf":{"@id":"https:\/\/ausflug1.de\/#website"},"primaryImageOfPage":{"@id":"https:\/\/ausflug1.de\/ueber-uns\/#primaryimage"},"image":{"@id":"https:\/\/ausflug1.de\/ueber-uns\/#primaryimage"},"thumbnailUrl":"https:\/\/ausflug1.de\/wp-content\/uploads\/2025\/03\/ICON-WHITE.png","datePublished":"2022-12-19T02:29:04+00:00","dateModified":"2025-10-12T22:07:31+00:00","breadcrumb":{"@id":"https:\/\/ausflug1.de\/ueber-uns\/#breadcrumb"},"inLanguage":"en-US","potentialAction":[{"@type":"ReadAction","target":["https:\/\/ausflug1.de\/ueber-uns\/"]}]},{"@type":"ImageObject","inLanguage":"en-US","@id":"https:\/\/ausflug1.de\/ueber-uns\/#primaryimage","url":"https:\/\/ausflug1.de\/wp-content\/uploads\/2025\/03\/ICON-WHITE.png","contentUrl":"https:\/\/ausflug1.de\/wp-content\/uploads\/2025\/03\/ICON-WHITE.png"},{"@type":"BreadcrumbList","@id":"https:\/\/ausflug1.de\/ueber-uns\/#breadcrumb","itemListElement":[{"@type":"ListItem","position":1,"name":"Home","item":"https:\/\/ausflug1.de\/"},{"@type":"ListItem","position":2,"name":"\u00dcber uns"}]},{"@type":"WebSite","@id":"https:\/\/ausflug1.de\/#website","url":"https:\/\/ausflug1.de\/","name":"Ausflug1- \u00c4gypten Ausfl\u00fcge","description":"Premium-Ausfl\u00fcge","publisher":{"@id":"https:\/\/ausflug1.de\/#organization"},"potentialAction":[{"@type":"SearchAction","target":{"@type":"EntryPoint","urlTemplate":"https:\/\/ausflug1.de\/?s={search_term_string}"},"query-input":{"@type":"PropertyValueSpecification","valueRequired":true,"valueName":"search_term_string"}}],"inLanguage":"en-US"},{"@type":"Organization","@id":"https:\/\/ausflug1.de\/#organization","name":"Ausflug1- \u00c4gypten Ausfl\u00fcge","url":"https:\/\/ausflug1.de\/","logo":{"@type":"ImageObject","inLanguage":"en-US","@id":"https:\/\/ausflug1.de\/#\/schema\/logo\/image\/","url":"https:\/\/ausflug1.de\/wp-content\/uploads\/2025\/03\/ICON-WHITE-phonr.png","contentUrl":"https:\/\/ausflug1.de\/wp-content\/uploads\/2025\/03\/ICON-WHITE-phonr.png","width":94,"height":87,"caption":"Ausflug1- \u00c4gypten Ausfl\u00fcge"},"image":{"@id":"https:\/\/ausflug1.de\/#\/schema\/logo\/image\/"}}]}},"_links":{"self":[{"href":"https:\/\/ausflug1.de\/en\/wp-json\/wp\/v2\/pages\/23","targetHints":{"allow":["GET"]}}],"collection":[{"href":"https:\/\/ausflug1.de\/en\/wp-json\/wp\/v2\/pages"}],"about":[{"href":"https:\/\/ausflug1.de\/en\/wp-json\/wp\/v2\/types\/page"}],"author":[{"embeddable":true,"href":"https:\/\/ausflug1.de\/en\/wp-json\/wp\/v2\/users\/1"}],"replies":[{"embeddable":true,"href":"https:\/\/ausflug1.de\/en\/wp-json\/wp\/v2\/comments?post=23"}],"version-history":[{"count":25,"href":"https:\/\/ausflug1.de\/en\/wp-json\/wp\/v2\/pages\/23\/revisions"}],"predecessor-version":[{"id":3614,"href":"https:\/\/ausflug1.de\/en\/wp-json\/wp\/v2\/pages\/23\/revisions\/3614"}],"wp:attachment":[{"href":"https:\/\/ausflug1.de\/en\/wp-json\/wp\/v2\/media?parent=23"}],"curies":[{"name":"wp","href":"https:\/\/api.w.org\/{rel}","templated":true}]}}