{"id":2295,"date":"2025-04-20T17:37:06","date_gmt":"2025-04-20T17:37:06","guid":{"rendered":"https:\/\/ausflug1.de\/?page_id=2295"},"modified":"2025-10-13T00:48:39","modified_gmt":"2025-10-12T21:48:39","slug":"unsere-partner","status":"publish","type":"page","link":"https:\/\/ausflug1.de\/en\/unsere-partner\/","title":{"rendered":"Our Partners"},"content":{"rendered":"\t\t<div data-elementor-type=\"wp-page\" data-elementor-id=\"2295\" class=\"elementor elementor-2295\" data-elementor-post-type=\"page\">\n\t\t\t\t<div class=\"elementor-element elementor-element-cb69f22 e-flex e-con-boxed wpr-particle-no wpr-jarallax-no wpr-parallax-no wpr-sticky-section-no wpr-column-slider-no wpr-equal-height-no e-con e-parent\" data-id=\"cb69f22\" data-element_type=\"container\" data-e-type=\"container\">\n\t\t\t\t\t<div class=\"e-con-inner\">\n\t\t\t\t<div class=\"elementor-element elementor-element-82b97bf elementor-widget elementor-widget-text-editor\" data-id=\"82b97bf\" data-element_type=\"widget\" data-e-type=\"widget\" data-widget_type=\"text-editor.default\">\n\t\t\t\t<div class=\"elementor-widget-container\">\n\t\t\t\t\t\t\t\t\t<h3 data-pm-slice=\"1 1 []\"><strong>Unsere Kontaktdaten<\/strong><\/h3><p>\ud83d\udcde <strong>Telefon &amp; WhatsApp:<\/strong> +49 160 3828383<br \/>\ud83d\udce7 <strong>E-Mail:<\/strong> <a>info@ausflug1.de<\/a><br \/>\ud83c\udf0d <strong>Webseite:<\/strong> <a>www.ausflug1.de<\/a><\/p>\t\t\t\t\t\t\t\t<\/div>\n\t\t\t\t<\/div>\n\t\t<div class=\"elementor-element elementor-element-61bc2ce e-grid e-con-full wpr-particle-no wpr-jarallax-no wpr-parallax-no wpr-sticky-section-no wpr-column-slider-no wpr-equal-height-no e-con e-child\" data-id=\"61bc2ce\" data-element_type=\"container\" data-e-type=\"container\">\n\t\t\t\t<div class=\"elementor-element elementor-element-ff14afb elementor-widget elementor-widget-image\" data-id=\"ff14afb\" data-element_type=\"widget\" data-e-type=\"widget\" data-widget_type=\"image.default\">\n\t\t\t\t<div class=\"elementor-widget-container\">\n\t\t\t\t\t\t\t\t\t\t\t\t\t\t\t<img fetchpriority=\"high\" decoding=\"async\" width=\"470\" height=\"436\" src=\"https:\/\/ausflug1.de\/wp-content\/uploads\/2025\/03\/ICON-WHITE.png\" class=\"attachment-large size-large wp-image-2044\" alt=\"\" \/>\t\t\t\t\t\t\t\t\t\t\t\t\t\t\t<\/div>\n\t\t\t\t<\/div>\n\t\t\t\t<div class=\"elementor-element elementor-element-224840c elementor-widget elementor-widget-shortcode\" data-id=\"224840c\" data-element_type=\"widget\" data-e-type=\"widget\" data-widget_type=\"shortcode.default\">\n\t\t\t\t<div class=\"elementor-widget-container\">\n\t\t\t\t\t\t\t<div class=\"elementor-shortcode\">\n<div class=\"wpcf7 no-js\" id=\"wpcf7-f413-o1\" lang=\"en-US\" dir=\"ltr\" data-wpcf7-id=\"413\">\n<div class=\"screen-reader-response\"><p role=\"status\" aria-live=\"polite\" aria-atomic=\"true\"><\/p> <ul><\/ul><\/div>\n<form action=\"\/en\/wp-json\/wp\/v2\/pages\/2295#wpcf7-f413-o1\" method=\"post\" class=\"wpcf7-form init\" aria-label=\"Contact form\" novalidate=\"novalidate\" data-status=\"init\">\n<fieldset class=\"hidden-fields-container\"><input type=\"hidden\" name=\"_wpcf7\" value=\"413\" \/><input type=\"hidden\" name=\"_wpcf7_version\" value=\"6.1.5\" \/><input type=\"hidden\" name=\"_wpcf7_locale\" value=\"en_US\" \/><input type=\"hidden\" name=\"_wpcf7_unit_tag\" value=\"wpcf7-f413-o1\" \/><input type=\"hidden\" name=\"_wpcf7_container_post\" value=\"0\" \/><input type=\"hidden\" name=\"_wpcf7_posted_data_hash\" value=\"\" \/>\n<\/fieldset>\n<div class=\"row\">\n   <div class=\"col-sm-6 col-xs-12\">\n     <span class=\"wpcf7-form-control-wrap\" data-name=\"your-name\"><input size=\"40\" maxlength=\"400\" class=\"wpcf7-form-control wpcf7-text wpcf7-validates-as-required\" aria-required=\"true\" aria-invalid=\"false\" placeholder=\"Ihr Name\" value=\"\" type=\"text\" name=\"your-name\" \/><\/span>\n   <\/div>\n   <div class=\"col-sm-6 col-xs-12\">\n     <span class=\"wpcf7-form-control-wrap\" data-name=\"your-phone\"><input size=\"40\" maxlength=\"400\" class=\"wpcf7-form-control wpcf7-text wpcf7-validates-as-required\" aria-required=\"true\" aria-invalid=\"false\" placeholder=\"Telefonnummer\" value=\"\" type=\"text\" name=\"your-phone\" \/><\/span>\n   <\/div>\n<\/div>\n<div class=\"row\">\n   <div class=\"col-sm-6 col-xs-12\">\n      <span class=\"wpcf7-form-control-wrap\" data-name=\"your-email\"><input size=\"40\" maxlength=\"400\" class=\"wpcf7-form-control wpcf7-email wpcf7-validates-as-required wpcf7-text wpcf7-validates-as-email\" aria-required=\"true\" aria-invalid=\"false\" placeholder=\"E-Mail-Adresse\" value=\"\" type=\"email\" name=\"your-email\" \/><\/span>\n   <\/div>\n   <div class=\"col-sm-6 col-xs-12\">\n      <span class=\"wpcf7-form-control-wrap\" data-name=\"your-subject\"><input size=\"40\" maxlength=\"400\" class=\"wpcf7-form-control wpcf7-text\" aria-invalid=\"false\" placeholder=\"Thema\" value=\"\" type=\"text\" name=\"your-subject\" \/><\/span>\n   <\/div>\n<\/div>\n<div class=\"row\">\n   <div class=\"col-sm-12 col-xs-12\">\n      <span class=\"wpcf7-form-control-wrap\" data-name=\"your-message\"><textarea cols=\"40\" rows=\"10\" maxlength=\"2000\" class=\"wpcf7-form-control wpcf7-textarea\" aria-invalid=\"false\" placeholder=\"Nachricht schreiben\" name=\"your-message\"><\/textarea><\/span>\n   <\/div>\n   <div class=\"col-sm-12 col-xs-12 action text-left\"><span class=\"form-action\"><input class=\"wpcf7-form-control wpcf7-submit has-spinner\" type=\"submit\" value=\"Eine Nachricht senden\" \/><\/span><\/div>\n<\/div><p style=\"display: none !important;\" class=\"akismet-fields-container\" data-prefix=\"_wpcf7_ak_\"><label>&#916;<textarea name=\"_wpcf7_ak_hp_textarea\" cols=\"45\" rows=\"8\" maxlength=\"100\"><\/textarea><\/label><input type=\"hidden\" id=\"ak_js_1\" name=\"_wpcf7_ak_js\" value=\"216\"\/><script type=\"text\/javascript\">\n\/* <![CDATA[ *\/\ndocument.getElementById( \"ak_js_1\" ).setAttribute( \"value\", ( new Date() ).getTime() );\n\/* ]]> *\/\n<\/script>\n<\/p><div class=\"wpcf7-response-output\" aria-hidden=\"true\"><\/div>\n<\/form>\n<\/div>\n<\/div>\n\t\t\t\t\t\t<\/div>\n\t\t\t\t<\/div>\n\t\t\t\t<\/div>\n\t\t\t\t\t<\/div>\n\t\t\t\t<\/div>\n\t\t\t\t<\/div>\n\t\t","protected":false},"excerpt":{"rendered":"<p>Unsere Kontaktdaten \ud83d\udcde Telefon &amp; WhatsApp: +49 160 3828383\ud83d\udce7 E-Mail: info@ausflug1.de\ud83c\udf0d Webseite: www.ausflug1.de<\/p>","protected":false},"author":1,"featured_media":0,"parent":0,"menu_order":0,"comment_status":"closed","ping_status":"closed","template":"elementor_header_footer","meta":{"_acf_changed":false,"footnotes":""},"class_list":["post-2295","page","type-page","status-publish","hentry"],"acf":[],"yoast_head":"<!-- This site is optimized with the Yoast SEO plugin v27.5 - https:\/\/yoast.com\/product\/yoast-seo-wordpress\/ -->\n<title>Unsere Partner - Ausflug1- \u00c4gypten Ausfl\u00fcge<\/title>\n<meta name=\"robots\" content=\"index, follow, max-snippet:-1, max-image-preview:large, max-video-preview:-1\" \/>\n<link rel=\"canonical\" href=\"https:\/\/ausflug1.de\/en\/unsere-partner\/\" \/>\n<meta property=\"og:locale\" content=\"en_US\" \/>\n<meta property=\"og:type\" content=\"article\" \/>\n<meta property=\"og:title\" content=\"Unsere Partner - Ausflug1- \u00c4gypten Ausfl\u00fcge\" \/>\n<meta property=\"og:description\" content=\"Unsere Kontaktdaten \ud83d\udcde Telefon &amp; WhatsApp: +49 160 3828383\ud83d\udce7 E-Mail: info@ausflug1.de\ud83c\udf0d Webseite: www.ausflug1.de\" \/>\n<meta property=\"og:url\" content=\"https:\/\/ausflug1.de\/en\/unsere-partner\/\" \/>\n<meta property=\"og:site_name\" content=\"Ausflug1- \u00c4gypten Ausfl\u00fcge\" \/>\n<meta property=\"article:modified_time\" content=\"2025-10-12T21:48:39+00:00\" \/>\n<meta property=\"og:image\" content=\"https:\/\/ausflug1.de\/wp-content\/uploads\/2025\/03\/ICON-WHITE.png\" \/>\n\t<meta property=\"og:image:width\" content=\"470\" \/>\n\t<meta property=\"og:image:height\" content=\"436\" \/>\n\t<meta property=\"og:image:type\" content=\"image\/png\" \/>\n<meta name=\"twitter:card\" content=\"summary_large_image\" \/>\n<meta name=\"twitter:label1\" content=\"Est. reading time\" \/>\n\t<meta name=\"twitter:data1\" content=\"1 minute\" \/>\n<script type=\"application\/ld+json\" class=\"yoast-schema-graph\">{\"@context\":\"https:\\\/\\\/schema.org\",\"@graph\":[{\"@type\":\"WebPage\",\"@id\":\"https:\\\/\\\/ausflug1.de\\\/unsere-partner\\\/\",\"url\":\"https:\\\/\\\/ausflug1.de\\\/unsere-partner\\\/\",\"name\":\"Unsere Partner - Ausflug1- \u00c4gypten Ausfl\u00fcge\",\"isPartOf\":{\"@id\":\"https:\\\/\\\/ausflug1.de\\\/#website\"},\"primaryImageOfPage\":{\"@id\":\"https:\\\/\\\/ausflug1.de\\\/unsere-partner\\\/#primaryimage\"},\"image\":{\"@id\":\"https:\\\/\\\/ausflug1.de\\\/unsere-partner\\\/#primaryimage\"},\"thumbnailUrl\":\"https:\\\/\\\/ausflug1.de\\\/wp-content\\\/uploads\\\/2025\\\/03\\\/ICON-WHITE.png\",\"datePublished\":\"2025-04-20T17:37:06+00:00\",\"dateModified\":\"2025-10-12T21:48:39+00:00\",\"breadcrumb\":{\"@id\":\"https:\\\/\\\/ausflug1.de\\\/unsere-partner\\\/#breadcrumb\"},\"inLanguage\":\"en-US\",\"potentialAction\":[{\"@type\":\"ReadAction\",\"target\":[\"https:\\\/\\\/ausflug1.de\\\/unsere-partner\\\/\"]}]},{\"@type\":\"ImageObject\",\"inLanguage\":\"en-US\",\"@id\":\"https:\\\/\\\/ausflug1.de\\\/unsere-partner\\\/#primaryimage\",\"url\":\"https:\\\/\\\/ausflug1.de\\\/wp-content\\\/uploads\\\/2025\\\/03\\\/ICON-WHITE.png\",\"contentUrl\":\"https:\\\/\\\/ausflug1.de\\\/wp-content\\\/uploads\\\/2025\\\/03\\\/ICON-WHITE.png\"},{\"@type\":\"BreadcrumbList\",\"@id\":\"https:\\\/\\\/ausflug1.de\\\/unsere-partner\\\/#breadcrumb\",\"itemListElement\":[{\"@type\":\"ListItem\",\"position\":1,\"name\":\"Home\",\"item\":\"https:\\\/\\\/ausflug1.de\\\/\"},{\"@type\":\"ListItem\",\"position\":2,\"name\":\"Unsere Partner\"}]},{\"@type\":\"WebSite\",\"@id\":\"https:\\\/\\\/ausflug1.de\\\/#website\",\"url\":\"https:\\\/\\\/ausflug1.de\\\/\",\"name\":\"Ausflug1- \u00c4gypten Ausfl\u00fcge\",\"description\":\"Premium-Ausfl\u00fcge\",\"publisher\":{\"@id\":\"https:\\\/\\\/ausflug1.de\\\/#organization\"},\"potentialAction\":[{\"@type\":\"SearchAction\",\"target\":{\"@type\":\"EntryPoint\",\"urlTemplate\":\"https:\\\/\\\/ausflug1.de\\\/?s={search_term_string}\"},\"query-input\":{\"@type\":\"PropertyValueSpecification\",\"valueRequired\":true,\"valueName\":\"search_term_string\"}}],\"inLanguage\":\"en-US\"},{\"@type\":\"Organization\",\"@id\":\"https:\\\/\\\/ausflug1.de\\\/#organization\",\"name\":\"Ausflug1- \u00c4gypten Ausfl\u00fcge\",\"url\":\"https:\\\/\\\/ausflug1.de\\\/\",\"logo\":{\"@type\":\"ImageObject\",\"inLanguage\":\"en-US\",\"@id\":\"https:\\\/\\\/ausflug1.de\\\/#\\\/schema\\\/logo\\\/image\\\/\",\"url\":\"https:\\\/\\\/ausflug1.de\\\/wp-content\\\/uploads\\\/2025\\\/03\\\/ICON-WHITE-phonr.png\",\"contentUrl\":\"https:\\\/\\\/ausflug1.de\\\/wp-content\\\/uploads\\\/2025\\\/03\\\/ICON-WHITE-phonr.png\",\"width\":94,\"height\":87,\"caption\":\"Ausflug1- \u00c4gypten Ausfl\u00fcge\"},\"image\":{\"@id\":\"https:\\\/\\\/ausflug1.de\\\/#\\\/schema\\\/logo\\\/image\\\/\"}}]}<\/script>\n<!-- \/ Yoast SEO plugin. -->","yoast_head_json":{"title":"Unsere Partner - Ausflug1- \u00c4gypten Ausfl\u00fcge","robots":{"index":"index","follow":"follow","max-snippet":"max-snippet:-1","max-image-preview":"max-image-preview:large","max-video-preview":"max-video-preview:-1"},"canonical":"https:\/\/ausflug1.de\/en\/unsere-partner\/","og_locale":"en_US","og_type":"article","og_title":"Unsere Partner - Ausflug1- \u00c4gypten Ausfl\u00fcge","og_description":"Unsere Kontaktdaten \ud83d\udcde Telefon &amp; WhatsApp: +49 160 3828383\ud83d\udce7 E-Mail: info@ausflug1.de\ud83c\udf0d Webseite: www.ausflug1.de","og_url":"https:\/\/ausflug1.de\/en\/unsere-partner\/","og_site_name":"Ausflug1- \u00c4gypten Ausfl\u00fcge","article_modified_time":"2025-10-12T21:48:39+00:00","og_image":[{"width":470,"height":436,"url":"https:\/\/ausflug1.de\/wp-content\/uploads\/2025\/03\/ICON-WHITE.png","type":"image\/png"}],"twitter_card":"summary_large_image","twitter_misc":{"Est. reading time":"1 minute"},"schema":{"@context":"https:\/\/schema.org","@graph":[{"@type":"WebPage","@id":"https:\/\/ausflug1.de\/unsere-partner\/","url":"https:\/\/ausflug1.de\/unsere-partner\/","name":"Unsere Partner - Ausflug1- \u00c4gypten Ausfl\u00fcge","isPartOf":{"@id":"https:\/\/ausflug1.de\/#website"},"primaryImageOfPage":{"@id":"https:\/\/ausflug1.de\/unsere-partner\/#primaryimage"},"image":{"@id":"https:\/\/ausflug1.de\/unsere-partner\/#primaryimage"},"thumbnailUrl":"https:\/\/ausflug1.de\/wp-content\/uploads\/2025\/03\/ICON-WHITE.png","datePublished":"2025-04-20T17:37:06+00:00","dateModified":"2025-10-12T21:48:39+00:00","breadcrumb":{"@id":"https:\/\/ausflug1.de\/unsere-partner\/#breadcrumb"},"inLanguage":"en-US","potentialAction":[{"@type":"ReadAction","target":["https:\/\/ausflug1.de\/unsere-partner\/"]}]},{"@type":"ImageObject","inLanguage":"en-US","@id":"https:\/\/ausflug1.de\/unsere-partner\/#primaryimage","url":"https:\/\/ausflug1.de\/wp-content\/uploads\/2025\/03\/ICON-WHITE.png","contentUrl":"https:\/\/ausflug1.de\/wp-content\/uploads\/2025\/03\/ICON-WHITE.png"},{"@type":"BreadcrumbList","@id":"https:\/\/ausflug1.de\/unsere-partner\/#breadcrumb","itemListElement":[{"@type":"ListItem","position":1,"name":"Home","item":"https:\/\/ausflug1.de\/"},{"@type":"ListItem","position":2,"name":"Unsere Partner"}]},{"@type":"WebSite","@id":"https:\/\/ausflug1.de\/#website","url":"https:\/\/ausflug1.de\/","name":"Ausflug1- \u00c4gypten Ausfl\u00fcge","description":"Premium-Ausfl\u00fcge","publisher":{"@id":"https:\/\/ausflug1.de\/#organization"},"potentialAction":[{"@type":"SearchAction","target":{"@type":"EntryPoint","urlTemplate":"https:\/\/ausflug1.de\/?s={search_term_string}"},"query-input":{"@type":"PropertyValueSpecification","valueRequired":true,"valueName":"search_term_string"}}],"inLanguage":"en-US"},{"@type":"Organization","@id":"https:\/\/ausflug1.de\/#organization","name":"Ausflug1- \u00c4gypten Ausfl\u00fcge","url":"https:\/\/ausflug1.de\/","logo":{"@type":"ImageObject","inLanguage":"en-US","@id":"https:\/\/ausflug1.de\/#\/schema\/logo\/image\/","url":"https:\/\/ausflug1.de\/wp-content\/uploads\/2025\/03\/ICON-WHITE-phonr.png","contentUrl":"https:\/\/ausflug1.de\/wp-content\/uploads\/2025\/03\/ICON-WHITE-phonr.png","width":94,"height":87,"caption":"Ausflug1- \u00c4gypten Ausfl\u00fcge"},"image":{"@id":"https:\/\/ausflug1.de\/#\/schema\/logo\/image\/"}}]}},"_links":{"self":[{"href":"https:\/\/ausflug1.de\/en\/wp-json\/wp\/v2\/pages\/2295","targetHints":{"allow":["GET"]}}],"collection":[{"href":"https:\/\/ausflug1.de\/en\/wp-json\/wp\/v2\/pages"}],"about":[{"href":"https:\/\/ausflug1.de\/en\/wp-json\/wp\/v2\/types\/page"}],"author":[{"embeddable":true,"href":"https:\/\/ausflug1.de\/en\/wp-json\/wp\/v2\/users\/1"}],"replies":[{"embeddable":true,"href":"https:\/\/ausflug1.de\/en\/wp-json\/wp\/v2\/comments?post=2295"}],"version-history":[{"count":16,"href":"https:\/\/ausflug1.de\/en\/wp-json\/wp\/v2\/pages\/2295\/revisions"}],"predecessor-version":[{"id":3604,"href":"https:\/\/ausflug1.de\/en\/wp-json\/wp\/v2\/pages\/2295\/revisions\/3604"}],"wp:attachment":[{"href":"https:\/\/ausflug1.de\/en\/wp-json\/wp\/v2\/media?parent=2295"}],"curies":[{"name":"wp","href":"https:\/\/api.w.org\/{rel}","templated":true}]}}