{"id":195,"date":"2023-01-06T03:56:45","date_gmt":"2023-01-06T03:56:45","guid":{"rendered":"https:\/\/ausflug1.de\/destination\/"},"modified":"2025-05-29T02:03:47","modified_gmt":"2025-05-28T23:03:47","slug":"reiseziele","status":"publish","type":"page","link":"https:\/\/ausflug1.de\/en\/reiseziele\/","title":{"rendered":"Reiseziele \u00c4gypten"},"content":{"rendered":"<div data-elementor-type=\"wp-page\" data-elementor-id=\"195\" class=\"elementor elementor-195\" data-elementor-post-type=\"page\">\n\t\t\t\t\t\t<section class=\"elementor-section elementor-top-section elementor-element elementor-element-800143b elementor-section-boxed elementor-section-height-default elementor-section-height-default wpr-particle-no wpr-jarallax-no wpr-parallax-no wpr-sticky-section-no wpr-equal-height-no\" data-id=\"800143b\" data-element_type=\"section\" data-e-type=\"section\">\n\t\t\t\t\t\t<div class=\"elementor-container elementor-column-gap-default\">\n\t\t\t\t\t<div class=\"elementor-column elementor-col-100 elementor-top-column elementor-element elementor-element-5c00f2d\" data-id=\"5c00f2d\" data-element_type=\"column\" data-e-type=\"column\">\n\t\t\t<div class=\"elementor-widget-wrap elementor-element-populated\">\n\t\t\t\t\t\t<div class=\"elementor-element elementor-element-582065d elementor-widget elementor-widget-heading\" data-id=\"582065d\" data-element_type=\"widget\" data-e-type=\"widget\" data-widget_type=\"heading.default\">\n\t\t\t\t<div class=\"elementor-widget-container\">\n\t\t\t\t\t<h2 class=\"elementor-heading-title elementor-size-default\">The goal you deserve<\/h2>\t\t\t\t<\/div>\n\t\t\t\t<\/div>\n\t\t\t\t\t<\/div>\n\t\t<\/div>\n\t\t\t\t\t<\/div>\n\t\t<\/section>\n\t\t\t\t<section class=\"elementor-section elementor-top-section elementor-element elementor-element-8d8393c elementor-section-boxed elementor-section-height-default elementor-section-height-default wpr-particle-no wpr-jarallax-no wpr-parallax-no wpr-sticky-section-no wpr-equal-height-no\" data-id=\"8d8393c\" data-element_type=\"section\" data-e-type=\"section\">\n\t\t\t\t\t\t<div class=\"elementor-container elementor-column-gap-default\">\n\t\t\t\t\t<div class=\"elementor-column elementor-col-33 elementor-top-column elementor-element elementor-element-255b90f\" data-id=\"255b90f\" data-element_type=\"column\" data-e-type=\"column\">\n\t\t\t<div class=\"elementor-widget-wrap elementor-element-populated\">\n\t\t\t\t\t\t<div class=\"elementor-element elementor-element-69a067a elementor-widget elementor-widget-ba_banner\" data-id=\"69a067a\" data-element_type=\"widget\" data-e-type=\"widget\" data-widget_type=\"ba_banner.default\">\n\t\t\t\t<div class=\"elementor-widget-container\">\n\t\t\t\t\t<div class=\"gva-element-ba_banner gva-element\">\r\n<div class=\"lt-banner-one__single text-left\"><div class=\"lt-banner-one__wrap\"><span class=\"lt-banner-one__count\">41&nbsp;Ausfl\u00fcge<\/span><div class=\"lt-banner-one__image\"><img decoding=\"async\" src=\"https:\/\/ausflug1.de\/wp-content\/uploads\/2025\/03\/494055094-500x360.jpg\" alt=\"Hurghada\" \/><\/div><div class=\"lt-banner-one__content\"><div class=\"lt-banner-one__subtitle\">Discover<\/div><h3 class=\"lt-banner-one__title\">Hurghada<\/h3><\/div><a class=\"lt-banner-one__link\"  href=\"https:\/\/ausflug1.de\/en\/ba_location\/hurghada\/\"><\/a><\/div><\/div>\r\n\r\n<\/div>\t\t\t\t<\/div>\n\t\t\t\t<\/div>\n\t\t\t\t<div class=\"elementor-element elementor-element-f798cca elementor-widget elementor-widget-ba_banner\" data-id=\"f798cca\" data-element_type=\"widget\" data-e-type=\"widget\" data-widget_type=\"ba_banner.default\">\n\t\t\t\t<div class=\"elementor-widget-container\">\n\t\t\t\t\t<div class=\"gva-element-ba_banner gva-element\">\r\n<div class=\"lt-banner-one__single text-left\"><div class=\"lt-banner-one__wrap\"><span class=\"lt-banner-one__count\">5 Excursions<\/span><div class=\"lt-banner-one__image\"><img decoding=\"async\" src=\"https:\/\/ausflug1.de\/wp-content\/uploads\/2025\/03\/luxor-columns-1024x683-1-500x360.webp\" alt=\"Luxor\" \/><\/div><div class=\"lt-banner-one__content\"><div class=\"lt-banner-one__subtitle\">Discover<\/div><h3 class=\"lt-banner-one__title\">Luxor<\/h3><\/div><a class=\"lt-banner-one__link\"  href=\"https:\/\/ausflug1.de\/en\/ba_location\/luxor\/\"><\/a><\/div><\/div>\r\n\r\n<\/div>\t\t\t\t<\/div>\n\t\t\t\t<\/div>\n\t\t\t\t<div class=\"elementor-element elementor-element-d4242c5 elementor-widget elementor-widget-ba_banner\" data-id=\"d4242c5\" data-element_type=\"widget\" data-e-type=\"widget\" data-widget_type=\"ba_banner.default\">\n\t\t\t\t<div class=\"elementor-widget-container\">\n\t\t\t\t\t<div class=\"gva-element-ba_banner gva-element\">\r\n<div class=\"lt-banner-one__single text-left\"><div class=\"lt-banner-one__wrap\"><span class=\"lt-banner-one__count\">42&nbsp;Ausfl\u00fcge<\/span><div class=\"lt-banner-one__image\"><img decoding=\"async\" src=\"https:\/\/ausflug1.de\/wp-content\/uploads\/2025\/03\/1600x900-500x360.jpg\" alt=\"Safaga\" \/><\/div><div class=\"lt-banner-one__content\"><div class=\"lt-banner-one__subtitle\">Discover<\/div><h3 class=\"lt-banner-one__title\">Safaga<\/h3><\/div><a class=\"lt-banner-one__link\"  href=\"https:\/\/ausflug1.de\/en\/ba_location\/safaga\/\"><\/a><\/div><\/div>\r\n\r\n<\/div>\t\t\t\t<\/div>\n\t\t\t\t<\/div>\n\t\t\t\t\t<\/div>\n\t\t<\/div>\n\t\t\t\t<div class=\"elementor-column elementor-col-33 elementor-top-column elementor-element elementor-element-4313ca0\" data-id=\"4313ca0\" data-element_type=\"column\" data-e-type=\"column\">\n\t\t\t<div class=\"elementor-widget-wrap elementor-element-populated\">\n\t\t\t\t\t\t<div class=\"elementor-element elementor-element-b365d48 elementor-widget elementor-widget-ba_banner\" data-id=\"b365d48\" data-element_type=\"widget\" data-e-type=\"widget\" data-widget_type=\"ba_banner.default\">\n\t\t\t\t<div class=\"elementor-widget-container\">\n\t\t\t\t\t<div class=\"gva-element-ba_banner gva-element\">\r\n<div class=\"lt-banner-one__single text-left\"><div class=\"lt-banner-one__wrap\"><span class=\"lt-banner-one__count\">6&nbsp;Ausfl\u00fcge<\/span><div class=\"lt-banner-one__image\"><img decoding=\"async\" src=\"https:\/\/ausflug1.de\/wp-content\/uploads\/2025\/03\/cairo-city-egypt-2020-500x351.jpg\" alt=\"Kairo\" \/><\/div><div class=\"lt-banner-one__content\"><div class=\"lt-banner-one__subtitle\">Discover<\/div><h3 class=\"lt-banner-one__title\">Cairo<\/h3><\/div><a class=\"lt-banner-one__link\"  href=\"https:\/\/ausflug1.de\/en\/ba_location\/cairo\/\"><\/a><\/div><\/div>\r\n\r\n<\/div>\t\t\t\t<\/div>\n\t\t\t\t<\/div>\n\t\t\t\t<div class=\"elementor-element elementor-element-06b1ad1 elementor-widget elementor-widget-ba_banner\" data-id=\"06b1ad1\" data-element_type=\"widget\" data-e-type=\"widget\" data-widget_type=\"ba_banner.default\">\n\t\t\t\t<div class=\"elementor-widget-container\">\n\t\t\t\t\t<div class=\"gva-element-ba_banner gva-element\">\r\n<div class=\"lt-banner-one__single text-left\"><div class=\"lt-banner-one__wrap\"><span class=\"lt-banner-one__count\">41&nbsp;Ausfl\u00fcge<\/span><div class=\"lt-banner-one__image\"><img decoding=\"async\" src=\"https:\/\/ausflug1.de\/wp-content\/uploads\/2025\/03\/unnamed-2-500x330.jpg\" alt=\"Makadi Bay\" \/><\/div><div class=\"lt-banner-one__content\"><div class=\"lt-banner-one__subtitle\">Discover<\/div><h3 class=\"lt-banner-one__title\">Makadi Bay<\/h3><\/div><a class=\"lt-banner-one__link\"  href=\"https:\/\/ausflug1.de\/en\/ba_location\/makadi-bay\/\"><\/a><\/div><\/div>\r\n\r\n<\/div>\t\t\t\t<\/div>\n\t\t\t\t<\/div>\n\t\t\t\t<div class=\"elementor-element elementor-element-402b904 elementor-widget elementor-widget-ba_banner\" data-id=\"402b904\" data-element_type=\"widget\" data-e-type=\"widget\" data-widget_type=\"ba_banner.default\">\n\t\t\t\t<div class=\"elementor-widget-container\">\n\t\t\t\t\t<div class=\"gva-element-ba_banner gva-element\">\r\n<div class=\"lt-banner-one__single text-left\"><div class=\"lt-banner-one__wrap\"><span class=\"lt-banner-one__count\">41&nbsp;Ausfl\u00fcge<\/span><div class=\"lt-banner-one__image\"><img decoding=\"async\" src=\"https:\/\/ausflug1.de\/wp-content\/uploads\/2025\/03\/11196324_902635493111818_8366873163212123192_n-1-500x360.jpg\" alt=\"Sahl Hasheesh\" \/><\/div><div class=\"lt-banner-one__content\"><div class=\"lt-banner-one__subtitle\">Discover<\/div><h3 class=\"lt-banner-one__title\">Sahl Hasheesh<\/h3><\/div><a class=\"lt-banner-one__link\"  href=\"https:\/\/ausflug1.de\/en\/ba_location\/sahl-hasheesh\/\"><\/a><\/div><\/div>\r\n\r\n<\/div>\t\t\t\t<\/div>\n\t\t\t\t<\/div>\n\t\t\t\t\t<\/div>\n\t\t<\/div>\n\t\t\t\t<div class=\"elementor-column elementor-col-33 elementor-top-column elementor-element elementor-element-ac3b60f\" data-id=\"ac3b60f\" data-element_type=\"column\" data-e-type=\"column\">\n\t\t\t<div class=\"elementor-widget-wrap elementor-element-populated\">\n\t\t\t\t\t\t<div class=\"elementor-element elementor-element-509f468 elementor-widget elementor-widget-ba_banner\" data-id=\"509f468\" data-element_type=\"widget\" data-e-type=\"widget\" data-widget_type=\"ba_banner.default\">\n\t\t\t\t<div class=\"elementor-widget-container\">\n\t\t\t\t\t<div class=\"gva-element-ba_banner gva-element\">\r\n<div class=\"lt-banner-one__single text-left\"><div class=\"lt-banner-one__wrap\"><span class=\"lt-banner-one__count\">38&nbsp;Ausfl\u00fcge<\/span><div class=\"lt-banner-one__image\"><img decoding=\"async\" src=\"https:\/\/ausflug1.de\/wp-content\/uploads\/2025\/03\/all-hotels-header-mob-1-500x360.webp\" alt=\"El Gouna\" \/><\/div><div class=\"lt-banner-one__content\"><div class=\"lt-banner-one__subtitle\">Discover<\/div><h3 class=\"lt-banner-one__title\">El Gouna<\/h3><\/div><a class=\"lt-banner-one__link\"  href=\"https:\/\/ausflug1.de\/en\/ba_location\/el-gouna\/\"><\/a><\/div><\/div>\r\n\r\n<\/div>\t\t\t\t<\/div>\n\t\t\t\t<\/div>\n\t\t\t\t<div class=\"elementor-element elementor-element-4802a29 elementor-widget elementor-widget-ba_banner\" data-id=\"4802a29\" data-element_type=\"widget\" data-e-type=\"widget\" data-widget_type=\"ba_banner.default\">\n\t\t\t\t<div class=\"elementor-widget-container\">\n\t\t\t\t\t<div class=\"gva-element-ba_banner gva-element\">\r\n<div class=\"lt-banner-one__single text-left\"><div class=\"lt-banner-one__wrap\"><span class=\"lt-banner-one__count\">31&nbsp;Ausfl\u00fcge<\/span><div class=\"lt-banner-one__image\"><img decoding=\"async\" src=\"https:\/\/ausflug1.de\/wp-content\/uploads\/2025\/03\/6-5-500x360.jpg\" alt=\"Marsa Alam\" \/><\/div><div class=\"lt-banner-one__content\"><div class=\"lt-banner-one__subtitle\">Discover<\/div><h3 class=\"lt-banner-one__title\">Marsa Alam<\/h3><\/div><a class=\"lt-banner-one__link\"  href=\"https:\/\/ausflug1.de\/en\/ba_location\/marsa-alam\/\"><\/a><\/div><\/div>\r\n\r\n<\/div>\t\t\t\t<\/div>\n\t\t\t\t<\/div>\n\t\t\t\t<div class=\"elementor-element elementor-element-faddecb elementor-widget elementor-widget-ba_banner\" data-id=\"faddecb\" data-element_type=\"widget\" data-e-type=\"widget\" data-widget_type=\"ba_banner.default\">\n\t\t\t\t<div class=\"elementor-widget-container\">\n\t\t\t\t\t<div class=\"gva-element-ba_banner gva-element\">\r\n<div class=\"lt-banner-one__single text-left\"><div class=\"lt-banner-one__wrap\"><span class=\"lt-banner-one__count\">8&nbsp;Ausfl\u00fcge<\/span><div class=\"lt-banner-one__image\"><img decoding=\"async\" src=\"https:\/\/ausflug1.de\/wp-content\/uploads\/2025\/03\/sarm-el-seyh-shaba-cami-500x360.jpg\" alt=\"Sharm El sheikh\" \/><\/div><div class=\"lt-banner-one__content\"><div class=\"lt-banner-one__subtitle\">Discover<\/div><h3 class=\"lt-banner-one__title\">Sharm El sheikh<\/h3><\/div><a class=\"lt-banner-one__link\"  href=\"https:\/\/ausflug1.de\/en\/ba_location\/sharm-el-sheikh\/\"><\/a><\/div><\/div>\r\n\r\n<\/div>\t\t\t\t<\/div>\n\t\t\t\t<\/div>\n\t\t\t\t\t<\/div>\n\t\t<\/div>\n\t\t\t\t\t<\/div>\n\t\t<\/section>\n\t\t\t\t<\/div>","protected":false},"excerpt":{"rendered":"<p>Das Ziel, das Sie verdienen 34&nbsp;Ausfl\u00fcgeEntdecken Hurghada 5&nbsp;Ausfl\u00fcgeEntdecken Luxor 33&nbsp;Ausfl\u00fcgeEntdecken Safaga 6&nbsp;Ausfl\u00fcgeEntdecken Kairo 34&nbsp;Ausfl\u00fcgeEntdecken Makadi Bay 34&nbsp;Ausfl\u00fcgeEntdecken Sahl Hasheesh 34&nbsp;Ausfl\u00fcgeEntdecken El Gouna 25&nbsp;Ausfl\u00fcgeEntdecken Marsa Alam 5&nbsp;Ausfl\u00fcgeEntdecken Sharm El sheikh<\/p>","protected":false},"author":1,"featured_media":3212,"parent":0,"menu_order":0,"comment_status":"closed","ping_status":"closed","template":"","meta":{"_acf_changed":false,"footnotes":""},"class_list":["post-195","page","type-page","status-publish","has-post-thumbnail","hentry"],"acf":[],"yoast_head":"<!-- This site is optimized with the Yoast SEO plugin v27.5 - https:\/\/yoast.com\/product\/yoast-seo-wordpress\/ -->\n<title>Das Ziel, das Sie verdienen - Ausflug1- \u00c4gypten Ausfl\u00fcge<\/title>\n<meta name=\"description\" content=\"Das Ziel, das Sie verdienen Kairo Luxor Hurghada El Gouna Makadi Bay Soma Bay Safaga Marsa Alam Sharm El Sheich\" \/>\n<meta name=\"robots\" content=\"index, follow, max-snippet:-1, max-image-preview:large, max-video-preview:-1\" \/>\n<link rel=\"canonical\" href=\"https:\/\/ausflug1.de\/en\/reiseziele\/\" \/>\n<meta property=\"og:locale\" content=\"en_US\" \/>\n<meta property=\"og:type\" content=\"article\" \/>\n<meta property=\"og:title\" content=\"Das Ziel, das Sie verdienen - Ausflug1- \u00c4gypten Ausfl\u00fcge\" \/>\n<meta property=\"og:description\" content=\"Das Ziel, das Sie verdienen Kairo Luxor Hurghada El Gouna Makadi Bay Soma Bay Safaga Marsa Alam Sharm El Sheich\" \/>\n<meta property=\"og:url\" content=\"https:\/\/ausflug1.de\/en\/reiseziele\/\" \/>\n<meta property=\"og:site_name\" content=\"Ausflug1- \u00c4gypten Ausfl\u00fcge\" \/>\n<meta property=\"article:modified_time\" content=\"2025-05-28T23:03:47+00:00\" \/>\n<meta property=\"og:image\" content=\"https:\/\/ausflug1.de\/wp-content\/uploads\/2025\/03\/Luxor-Egypt-11.jpg\" \/>\n\t<meta property=\"og:image:width\" content=\"736\" \/>\n\t<meta property=\"og:image:height\" content=\"1104\" \/>\n\t<meta property=\"og:image:type\" content=\"image\/jpeg\" \/>\n<meta name=\"twitter:card\" content=\"summary_large_image\" \/>\n<meta name=\"twitter:label1\" content=\"Est. reading time\" \/>\n\t<meta name=\"twitter:data1\" content=\"3 minutes\" \/>\n<script type=\"application\/ld+json\" class=\"yoast-schema-graph\">{\"@context\":\"https:\\\/\\\/schema.org\",\"@graph\":[{\"@type\":\"WebPage\",\"@id\":\"https:\\\/\\\/ausflug1.de\\\/reiseziele\\\/\",\"url\":\"https:\\\/\\\/ausflug1.de\\\/reiseziele\\\/\",\"name\":\"Das Ziel, das Sie verdienen - Ausflug1- \u00c4gypten Ausfl\u00fcge\",\"isPartOf\":{\"@id\":\"https:\\\/\\\/ausflug1.de\\\/#website\"},\"primaryImageOfPage\":{\"@id\":\"https:\\\/\\\/ausflug1.de\\\/reiseziele\\\/#primaryimage\"},\"image\":{\"@id\":\"https:\\\/\\\/ausflug1.de\\\/reiseziele\\\/#primaryimage\"},\"thumbnailUrl\":\"https:\\\/\\\/ausflug1.de\\\/wp-content\\\/uploads\\\/2025\\\/03\\\/Luxor-Egypt-11.jpg\",\"datePublished\":\"2023-01-06T03:56:45+00:00\",\"dateModified\":\"2025-05-28T23:03:47+00:00\",\"description\":\"Das Ziel, das Sie verdienen Kairo Luxor Hurghada El Gouna Makadi Bay Soma Bay Safaga Marsa Alam Sharm El Sheich\",\"breadcrumb\":{\"@id\":\"https:\\\/\\\/ausflug1.de\\\/reiseziele\\\/#breadcrumb\"},\"inLanguage\":\"en-US\",\"potentialAction\":[{\"@type\":\"ReadAction\",\"target\":[\"https:\\\/\\\/ausflug1.de\\\/reiseziele\\\/\"]}]},{\"@type\":\"ImageObject\",\"inLanguage\":\"en-US\",\"@id\":\"https:\\\/\\\/ausflug1.de\\\/reiseziele\\\/#primaryimage\",\"url\":\"https:\\\/\\\/ausflug1.de\\\/wp-content\\\/uploads\\\/2025\\\/03\\\/Luxor-Egypt-11.jpg\",\"contentUrl\":\"https:\\\/\\\/ausflug1.de\\\/wp-content\\\/uploads\\\/2025\\\/03\\\/Luxor-Egypt-11.jpg\",\"width\":736,\"height\":1104,\"caption\":\"Das Ziel, das Sie verdienen\"},{\"@type\":\"BreadcrumbList\",\"@id\":\"https:\\\/\\\/ausflug1.de\\\/reiseziele\\\/#breadcrumb\",\"itemListElement\":[{\"@type\":\"ListItem\",\"position\":1,\"name\":\"Home\",\"item\":\"https:\\\/\\\/ausflug1.de\\\/\"},{\"@type\":\"ListItem\",\"position\":2,\"name\":\"Reiseziele \u00c4gypten\"}]},{\"@type\":\"WebSite\",\"@id\":\"https:\\\/\\\/ausflug1.de\\\/#website\",\"url\":\"https:\\\/\\\/ausflug1.de\\\/\",\"name\":\"Ausflug1- \u00c4gypten Ausfl\u00fcge\",\"description\":\"Premium-Ausfl\u00fcge\",\"publisher\":{\"@id\":\"https:\\\/\\\/ausflug1.de\\\/#organization\"},\"potentialAction\":[{\"@type\":\"SearchAction\",\"target\":{\"@type\":\"EntryPoint\",\"urlTemplate\":\"https:\\\/\\\/ausflug1.de\\\/?s={search_term_string}\"},\"query-input\":{\"@type\":\"PropertyValueSpecification\",\"valueRequired\":true,\"valueName\":\"search_term_string\"}}],\"inLanguage\":\"en-US\"},{\"@type\":\"Organization\",\"@id\":\"https:\\\/\\\/ausflug1.de\\\/#organization\",\"name\":\"Ausflug1- \u00c4gypten Ausfl\u00fcge\",\"url\":\"https:\\\/\\\/ausflug1.de\\\/\",\"logo\":{\"@type\":\"ImageObject\",\"inLanguage\":\"en-US\",\"@id\":\"https:\\\/\\\/ausflug1.de\\\/#\\\/schema\\\/logo\\\/image\\\/\",\"url\":\"https:\\\/\\\/ausflug1.de\\\/wp-content\\\/uploads\\\/2025\\\/03\\\/ICON-WHITE-phonr.png\",\"contentUrl\":\"https:\\\/\\\/ausflug1.de\\\/wp-content\\\/uploads\\\/2025\\\/03\\\/ICON-WHITE-phonr.png\",\"width\":94,\"height\":87,\"caption\":\"Ausflug1- \u00c4gypten Ausfl\u00fcge\"},\"image\":{\"@id\":\"https:\\\/\\\/ausflug1.de\\\/#\\\/schema\\\/logo\\\/image\\\/\"}}]}<\/script>\n<!-- \/ Yoast SEO plugin. -->","yoast_head_json":{"title":"Das Ziel, das Sie verdienen - Ausflug1- \u00c4gypten Ausfl\u00fcge","description":"Das Ziel, das Sie verdienen Kairo Luxor Hurghada El Gouna Makadi Bay Soma Bay Safaga Marsa Alam Sharm El Sheich","robots":{"index":"index","follow":"follow","max-snippet":"max-snippet:-1","max-image-preview":"max-image-preview:large","max-video-preview":"max-video-preview:-1"},"canonical":"https:\/\/ausflug1.de\/en\/reiseziele\/","og_locale":"en_US","og_type":"article","og_title":"Das Ziel, das Sie verdienen - Ausflug1- \u00c4gypten Ausfl\u00fcge","og_description":"Das Ziel, das Sie verdienen Kairo Luxor Hurghada El Gouna Makadi Bay Soma Bay Safaga Marsa Alam Sharm El Sheich","og_url":"https:\/\/ausflug1.de\/en\/reiseziele\/","og_site_name":"Ausflug1- \u00c4gypten Ausfl\u00fcge","article_modified_time":"2025-05-28T23:03:47+00:00","og_image":[{"width":736,"height":1104,"url":"https:\/\/ausflug1.de\/wp-content\/uploads\/2025\/03\/Luxor-Egypt-11.jpg","type":"image\/jpeg"}],"twitter_card":"summary_large_image","twitter_misc":{"Est. reading time":"3 minutes"},"schema":{"@context":"https:\/\/schema.org","@graph":[{"@type":"WebPage","@id":"https:\/\/ausflug1.de\/reiseziele\/","url":"https:\/\/ausflug1.de\/reiseziele\/","name":"Das Ziel, das Sie verdienen - Ausflug1- \u00c4gypten Ausfl\u00fcge","isPartOf":{"@id":"https:\/\/ausflug1.de\/#website"},"primaryImageOfPage":{"@id":"https:\/\/ausflug1.de\/reiseziele\/#primaryimage"},"image":{"@id":"https:\/\/ausflug1.de\/reiseziele\/#primaryimage"},"thumbnailUrl":"https:\/\/ausflug1.de\/wp-content\/uploads\/2025\/03\/Luxor-Egypt-11.jpg","datePublished":"2023-01-06T03:56:45+00:00","dateModified":"2025-05-28T23:03:47+00:00","description":"Das Ziel, das Sie verdienen Kairo Luxor Hurghada El Gouna Makadi Bay Soma Bay Safaga Marsa Alam Sharm El Sheich","breadcrumb":{"@id":"https:\/\/ausflug1.de\/reiseziele\/#breadcrumb"},"inLanguage":"en-US","potentialAction":[{"@type":"ReadAction","target":["https:\/\/ausflug1.de\/reiseziele\/"]}]},{"@type":"ImageObject","inLanguage":"en-US","@id":"https:\/\/ausflug1.de\/reiseziele\/#primaryimage","url":"https:\/\/ausflug1.de\/wp-content\/uploads\/2025\/03\/Luxor-Egypt-11.jpg","contentUrl":"https:\/\/ausflug1.de\/wp-content\/uploads\/2025\/03\/Luxor-Egypt-11.jpg","width":736,"height":1104,"caption":"Das Ziel, das Sie verdienen"},{"@type":"BreadcrumbList","@id":"https:\/\/ausflug1.de\/reiseziele\/#breadcrumb","itemListElement":[{"@type":"ListItem","position":1,"name":"Home","item":"https:\/\/ausflug1.de\/"},{"@type":"ListItem","position":2,"name":"Reiseziele \u00c4gypten"}]},{"@type":"WebSite","@id":"https:\/\/ausflug1.de\/#website","url":"https:\/\/ausflug1.de\/","name":"Ausflug1- \u00c4gypten Ausfl\u00fcge","description":"Premium-Ausfl\u00fcge","publisher":{"@id":"https:\/\/ausflug1.de\/#organization"},"potentialAction":[{"@type":"SearchAction","target":{"@type":"EntryPoint","urlTemplate":"https:\/\/ausflug1.de\/?s={search_term_string}"},"query-input":{"@type":"PropertyValueSpecification","valueRequired":true,"valueName":"search_term_string"}}],"inLanguage":"en-US"},{"@type":"Organization","@id":"https:\/\/ausflug1.de\/#organization","name":"Ausflug1- \u00c4gypten Ausfl\u00fcge","url":"https:\/\/ausflug1.de\/","logo":{"@type":"ImageObject","inLanguage":"en-US","@id":"https:\/\/ausflug1.de\/#\/schema\/logo\/image\/","url":"https:\/\/ausflug1.de\/wp-content\/uploads\/2025\/03\/ICON-WHITE-phonr.png","contentUrl":"https:\/\/ausflug1.de\/wp-content\/uploads\/2025\/03\/ICON-WHITE-phonr.png","width":94,"height":87,"caption":"Ausflug1- \u00c4gypten Ausfl\u00fcge"},"image":{"@id":"https:\/\/ausflug1.de\/#\/schema\/logo\/image\/"}}]}},"_links":{"self":[{"href":"https:\/\/ausflug1.de\/en\/wp-json\/wp\/v2\/pages\/195","targetHints":{"allow":["GET"]}}],"collection":[{"href":"https:\/\/ausflug1.de\/en\/wp-json\/wp\/v2\/pages"}],"about":[{"href":"https:\/\/ausflug1.de\/en\/wp-json\/wp\/v2\/types\/page"}],"author":[{"embeddable":true,"href":"https:\/\/ausflug1.de\/en\/wp-json\/wp\/v2\/users\/1"}],"replies":[{"embeddable":true,"href":"https:\/\/ausflug1.de\/en\/wp-json\/wp\/v2\/comments?post=195"}],"version-history":[{"count":10,"href":"https:\/\/ausflug1.de\/en\/wp-json\/wp\/v2\/pages\/195\/revisions"}],"predecessor-version":[{"id":3284,"href":"https:\/\/ausflug1.de\/en\/wp-json\/wp\/v2\/pages\/195\/revisions\/3284"}],"wp:featuredmedia":[{"embeddable":true,"href":"https:\/\/ausflug1.de\/en\/wp-json\/wp\/v2\/media\/3212"}],"wp:attachment":[{"href":"https:\/\/ausflug1.de\/en\/wp-json\/wp\/v2\/media?parent=195"}],"curies":[{"name":"wp","href":"https:\/\/api.w.org\/{rel}","templated":true}]}}